{"id":8541,"date":"2021-07-13T22:40:55","date_gmt":"2021-07-13T20:40:55","guid":{"rendered":"https:\/\/imet-cz.cz\/cart\/"},"modified":"2021-08-22T18:51:51","modified_gmt":"2021-08-22T16:51:51","slug":"cart","status":"publish","type":"page","link":"https:\/\/imet-cz.cz\/en\/cart\/","title":{"rendered":"Ko\u0161\u00edk"},"content":{"rendered":"\t\t<div data-elementor-type=\"wp-page\" data-elementor-id=\"8541\" class=\"elementor elementor-8541 elementor-20\" data-elementor-settings=\"[]\">\n\t\t\t\t\t\t\t<div class=\"elementor-section-wrap\">\n\t\t\t\t\t\t\t<section class=\"elementor-section elementor-top-section elementor-element elementor-element-727dcbfb elementor-section-full_width elementor-section-height-default elementor-section-height-default\" data-id=\"727dcbfb\" data-element_type=\"section\" data-settings=\"{&quot;jet_parallax_layout_list&quot;:[{&quot;jet_parallax_layout_image&quot;:{&quot;url&quot;:&quot;&quot;,&quot;id&quot;:&quot;&quot;},&quot;_id&quot;:&quot;a7159dd&quot;,&quot;jet_parallax_layout_image_tablet&quot;:{&quot;url&quot;:&quot;&quot;,&quot;id&quot;:&quot;&quot;},&quot;jet_parallax_layout_image_mobile&quot;:{&quot;url&quot;:&quot;&quot;,&quot;id&quot;:&quot;&quot;},&quot;jet_parallax_layout_speed&quot;:{&quot;unit&quot;:&quot;%&quot;,&quot;size&quot;:50,&quot;sizes&quot;:[]},&quot;jet_parallax_layout_type&quot;:&quot;scroll&quot;,&quot;jet_parallax_layout_direction&quot;:null,&quot;jet_parallax_layout_fx_direction&quot;:null,&quot;jet_parallax_layout_z_index&quot;:&quot;&quot;,&quot;jet_parallax_layout_bg_x&quot;:50,&quot;jet_parallax_layout_bg_x_tablet&quot;:&quot;&quot;,&quot;jet_parallax_layout_bg_x_mobile&quot;:&quot;&quot;,&quot;jet_parallax_layout_bg_y&quot;:50,&quot;jet_parallax_layout_bg_y_tablet&quot;:&quot;&quot;,&quot;jet_parallax_layout_bg_y_mobile&quot;:&quot;&quot;,&quot;jet_parallax_layout_bg_size&quot;:&quot;auto&quot;,&quot;jet_parallax_layout_bg_size_tablet&quot;:&quot;&quot;,&quot;jet_parallax_layout_bg_size_mobile&quot;:&quot;&quot;,&quot;jet_parallax_layout_animation_prop&quot;:&quot;transform&quot;,&quot;jet_parallax_layout_on&quot;:[&quot;desktop&quot;,&quot;tablet&quot;]}]}\">\n\t\t\t\t\t\t<div class=\"elementor-container elementor-column-gap-default\">\n\t\t\t\t\t<div class=\"elementor-column elementor-col-100 elementor-top-column elementor-element elementor-element-481c864b\" data-id=\"481c864b\" data-element_type=\"column\">\n\t\t\t<div class=\"elementor-widget-wrap elementor-element-populated\">\n\t\t\t\t\t\t\t\t<div class=\"elementor-element elementor-element-2a7f8f3 elementor-widget elementor-widget-text-editor\" data-id=\"2a7f8f3\" data-element_type=\"widget\" data-widget_type=\"text-editor.default\">\n\t\t\t\t<div class=\"elementor-widget-container\">\n\t\t\t\t\t\t\t\n<div class=\"woocommerce\">\n<div class=\"jet-woo-builder-woocommerce-empty-cart\">\n\t<style>.elementor-8774 .elementor-element.elementor-element-0bcf72b > .elementor-container{max-width:1240px;}.elementor-8774 .elementor-element.elementor-element-0bcf72b .elementor-repeater-item-bfd9c29.jet-parallax-section__layout .jet-parallax-section__image{background-size:auto;}.elementor-8774 .elementor-element.elementor-element-25f4793 .elementor-heading-title{color:#000000;font-family:\"Arial\", Sans-serif;font-size:40px;font-weight:600;}.elementor-8774 .elementor-element.elementor-element-0bcf72b:not(.elementor-motion-effects-element-type-background), .elementor-8774 .elementor-element.elementor-element-0bcf72b > .elementor-motion-effects-container > .elementor-motion-effects-layer{background-color:var( --e-global-color-1b188c7 );}.elementor-8774 .elementor-element.elementor-element-0bcf72b{transition:background 0.3s, border 0.3s, border-radius 0.3s, box-shadow 0.3s;}.elementor-8774 .elementor-element.elementor-element-0bcf72b > .elementor-background-overlay{transition:background 0.3s, border-radius 0.3s, opacity 0.3s;}.elementor-8774 .elementor-element.elementor-element-81041b1 .elementor-repeater-item-df065f3.jet-parallax-section__layout .jet-parallax-section__image{background-size:auto;}.elementor-8774 .elementor-element.elementor-element-e7e2753 .cart-empty.woocommerce-info:before{font-size:16px;margin-right:10px;}.elementor-8774 .elementor-element.elementor-element-b51c9c3 .return-to-shop{text-align:center;}.elementor-8774 .elementor-element.elementor-element-b51c9c3 > .elementor-widget-container{margin:60px 0px 0px 0px;}.elementor-8774 .elementor-element.elementor-element-81041b1:not(.elementor-motion-effects-element-type-background), .elementor-8774 .elementor-element.elementor-element-81041b1 > .elementor-motion-effects-container > .elementor-motion-effects-layer{background-color:var( --e-global-color-1b188c7 );}.elementor-8774 .elementor-element.elementor-element-81041b1{transition:background 0.3s, border 0.3s, border-radius 0.3s, box-shadow 0.3s;padding:20px 0px 80px 0px;}.elementor-8774 .elementor-element.elementor-element-81041b1 > .elementor-background-overlay{transition:background 0.3s, border-radius 0.3s, opacity 0.3s;}<\/style>\t\t<div data-elementor-type=\"jet-woo-builder-cart\" data-elementor-id=\"8774\" class=\"elementor elementor-8774 elementor-353\" data-elementor-settings=\"[]\">\n\t\t\t\t\t\t\t<div class=\"elementor-section-wrap\">\n\t\t\t\t\t\t\t<section class=\"elementor-section elementor-top-section elementor-element elementor-element-0bcf72b elementor-section-boxed elementor-section-height-default elementor-section-height-default\" data-id=\"0bcf72b\" data-element_type=\"section\" data-settings=\"{&quot;jet_parallax_layout_list&quot;:[{&quot;jet_parallax_layout_image&quot;:{&quot;url&quot;:&quot;&quot;,&quot;id&quot;:&quot;&quot;},&quot;_id&quot;:&quot;bfd9c29&quot;,&quot;jet_parallax_layout_image_tablet&quot;:{&quot;url&quot;:&quot;&quot;,&quot;id&quot;:&quot;&quot;},&quot;jet_parallax_layout_image_mobile&quot;:{&quot;url&quot;:&quot;&quot;,&quot;id&quot;:&quot;&quot;},&quot;jet_parallax_layout_speed&quot;:{&quot;unit&quot;:&quot;%&quot;,&quot;size&quot;:50,&quot;sizes&quot;:[]},&quot;jet_parallax_layout_type&quot;:&quot;scroll&quot;,&quot;jet_parallax_layout_direction&quot;:null,&quot;jet_parallax_layout_fx_direction&quot;:null,&quot;jet_parallax_layout_z_index&quot;:&quot;&quot;,&quot;jet_parallax_layout_bg_x&quot;:50,&quot;jet_parallax_layout_bg_x_tablet&quot;:&quot;&quot;,&quot;jet_parallax_layout_bg_x_mobile&quot;:&quot;&quot;,&quot;jet_parallax_layout_bg_y&quot;:50,&quot;jet_parallax_layout_bg_y_tablet&quot;:&quot;&quot;,&quot;jet_parallax_layout_bg_y_mobile&quot;:&quot;&quot;,&quot;jet_parallax_layout_bg_size&quot;:&quot;auto&quot;,&quot;jet_parallax_layout_bg_size_tablet&quot;:&quot;&quot;,&quot;jet_parallax_layout_bg_size_mobile&quot;:&quot;&quot;,&quot;jet_parallax_layout_animation_prop&quot;:&quot;transform&quot;,&quot;jet_parallax_layout_on&quot;:[&quot;desktop&quot;,&quot;tablet&quot;]}],&quot;background_background&quot;:&quot;classic&quot;}\">\n\t\t\t\t\t\t<div class=\"elementor-container elementor-column-gap-default\">\n\t\t\t\t\t<div class=\"elementor-column elementor-col-100 elementor-top-column elementor-element elementor-element-1c07254\" data-id=\"1c07254\" data-element_type=\"column\">\n\t\t\t<div class=\"elementor-widget-wrap elementor-element-populated\">\n\t\t\t\t\t\t\t\t<div class=\"elementor-element elementor-element-a05a976 elementor-widget elementor-widget-woocommerce-breadcrumb\" data-id=\"a05a976\" data-element_type=\"widget\" data-widget_type=\"woocommerce-breadcrumb.default\">\n\t\t\t\t<div class=\"elementor-widget-container\">\n\t\t\t<nav class=\"woocommerce-breadcrumb\">Home<\/nav>\t\t<\/div>\n\t\t\t\t<\/div>\n\t\t\t\t<div class=\"elementor-element elementor-element-25f4793 elementor-widget elementor-widget-heading\" data-id=\"25f4793\" data-element_type=\"widget\" data-widget_type=\"heading.default\">\n\t\t\t\t<div class=\"elementor-widget-container\">\n\t\t\t<h2 class=\"elementor-heading-title elementor-size-default\">Cart<\/h2>\t\t<\/div>\n\t\t\t\t<\/div>\n\t\t\t\t\t<\/div>\n\t\t<\/div>\n\t\t\t\t\t\t\t<\/div>\n\t\t<\/section>\n\t\t\t\t<section class=\"elementor-section elementor-top-section elementor-element elementor-element-81041b1 elementor-section-boxed elementor-section-height-default elementor-section-height-default\" data-id=\"81041b1\" data-element_type=\"section\" data-settings=\"{&quot;jet_parallax_layout_list&quot;:[{&quot;jet_parallax_layout_image&quot;:{&quot;url&quot;:&quot;&quot;,&quot;id&quot;:&quot;&quot;},&quot;_id&quot;:&quot;df065f3&quot;,&quot;jet_parallax_layout_image_tablet&quot;:{&quot;url&quot;:&quot;&quot;,&quot;id&quot;:&quot;&quot;},&quot;jet_parallax_layout_image_mobile&quot;:{&quot;url&quot;:&quot;&quot;,&quot;id&quot;:&quot;&quot;},&quot;jet_parallax_layout_speed&quot;:{&quot;unit&quot;:&quot;%&quot;,&quot;size&quot;:50,&quot;sizes&quot;:[]},&quot;jet_parallax_layout_type&quot;:&quot;scroll&quot;,&quot;jet_parallax_layout_direction&quot;:null,&quot;jet_parallax_layout_fx_direction&quot;:null,&quot;jet_parallax_layout_z_index&quot;:&quot;&quot;,&quot;jet_parallax_layout_bg_x&quot;:50,&quot;jet_parallax_layout_bg_x_tablet&quot;:&quot;&quot;,&quot;jet_parallax_layout_bg_x_mobile&quot;:&quot;&quot;,&quot;jet_parallax_layout_bg_y&quot;:50,&quot;jet_parallax_layout_bg_y_tablet&quot;:&quot;&quot;,&quot;jet_parallax_layout_bg_y_mobile&quot;:&quot;&quot;,&quot;jet_parallax_layout_bg_size&quot;:&quot;auto&quot;,&quot;jet_parallax_layout_bg_size_tablet&quot;:&quot;&quot;,&quot;jet_parallax_layout_bg_size_mobile&quot;:&quot;&quot;,&quot;jet_parallax_layout_animation_prop&quot;:&quot;transform&quot;,&quot;jet_parallax_layout_on&quot;:[&quot;desktop&quot;,&quot;tablet&quot;]}],&quot;background_background&quot;:&quot;classic&quot;}\">\n\t\t\t\t\t\t<div class=\"elementor-container elementor-column-gap-default\">\n\t\t\t\t\t<div class=\"elementor-column elementor-col-100 elementor-top-column elementor-element elementor-element-3639893\" data-id=\"3639893\" data-element_type=\"column\">\n\t\t\t<div class=\"elementor-widget-wrap elementor-element-populated\">\n\t\t\t\t\t\t\t\t<div class=\"elementor-element elementor-element-e7e2753 elementor-widget elementor-widget-jet-cart-empty-message\" data-id=\"e7e2753\" data-element_type=\"widget\" data-widget_type=\"jet-cart-empty-message.default\">\n\t\t\t\t<div class=\"elementor-widget-container\">\n\t\t\t<div class=\"elementor-jet-cart-empty-message jet-woo-builder\"><\/div>\t\t<\/div>\n\t\t\t\t<\/div>\n\t\t\t\t<div class=\"elementor-element elementor-element-b51c9c3 elementor-widget elementor-widget-jet-cart-return-to-shop\" data-id=\"b51c9c3\" data-element_type=\"widget\" data-widget_type=\"jet-cart-return-to-shop.default\">\n\t\t\t\t<div class=\"elementor-widget-container\">\n\t\t\t<div class=\"elementor-jet-cart-return-to-shop jet-woo-builder\">\n<p class=\"return-to-shop\">\n\t<a class=\"button wc-backward\" href=\"https:\/\/imet-cz.cz\/en\/shop\/\" >\n\t\tReturn to shop\t<\/a>\n<\/p>\n<\/div>\t\t<\/div>\n\t\t\t\t<\/div>\n\t\t\t\t\t<\/div>\n\t\t<\/div>\n\t\t\t\t\t\t\t<\/div>\n\t\t<\/section>\n\t\t\t\t\t\t<\/div>\n\t\t\t\t\t<\/div>\n\t\t<\/div>\n<\/div>\n\t\t\t\t\t\t<\/div>\n\t\t\t\t<\/div>\n\t\t\t\t\t<\/div>\n\t\t<\/div>\n\t\t\t\t\t\t\t<\/div>\n\t\t<\/section>\n\t\t\t\t\t\t<\/div>\n\t\t\t\t\t<\/div>\n\t\t","protected":false},"excerpt":{"rendered":"","protected":false},"author":1,"featured_media":0,"parent":0,"menu_order":0,"comment_status":"closed","ping_status":"closed","template":"elementor_canvas","meta":{"footnotes":""},"class_list":["post-8541","page","type-page","status-publish","hentry"],"yoast_head":"<!-- This site is optimized with the Yoast SEO plugin v18.2 - https:\/\/yoast.com\/wordpress\/plugins\/seo\/ -->\n<title>Cart | IMET-CZ<\/title>\n<meta name=\"robots\" content=\"index, follow, max-snippet:-1, max-image-preview:large, max-video-preview:-1\" \/>\n<link rel=\"canonical\" href=\"https:\/\/imet-cz.cz\/en\/cart\/\" \/>\n<meta property=\"og:locale\" content=\"en_US\" \/>\n<meta property=\"og:type\" content=\"article\" \/>\n<meta property=\"og:title\" content=\"Cart | IMET-CZ\" \/>\n<meta property=\"og:url\" content=\"https:\/\/imet-cz.cz\/en\/cart\/\" \/>\n<meta property=\"og:site_name\" content=\"IMET-CZ\" \/>\n<meta property=\"article:modified_time\" content=\"2021-08-22T16:51:51+00:00\" \/>\n<meta name=\"twitter:card\" content=\"summary_large_image\" \/>\n<meta name=\"twitter:label1\" content=\"Est. reading time\" \/>\n\t<meta name=\"twitter:data1\" content=\"1 minute\" \/>\n<script type=\"application\/ld+json\" class=\"yoast-schema-graph\">{\"@context\":\"https:\/\/schema.org\",\"@graph\":[{\"@type\":\"Organization\",\"@id\":\"https:\/\/imet-cz.cz\/en\/#organization\",\"name\":\"IMET-CZ spol. s.r.o.\",\"url\":\"https:\/\/imet-cz.cz\/en\/\",\"sameAs\":[],\"logo\":{\"@type\":\"ImageObject\",\"@id\":\"https:\/\/imet-cz.cz\/en\/#logo\",\"inLanguage\":\"en-US\",\"url\":\"https:\/\/imet-cz.cz\/wp-content\/uploads\/2021\/07\/logo43535.png\",\"contentUrl\":\"https:\/\/imet-cz.cz\/wp-content\/uploads\/2021\/07\/logo43535.png\",\"width\":1000,\"height\":242,\"caption\":\"IMET-CZ spol. s.r.o.\"},\"image\":{\"@id\":\"https:\/\/imet-cz.cz\/en\/#logo\"}},{\"@type\":\"WebSite\",\"@id\":\"https:\/\/imet-cz.cz\/en\/#website\",\"url\":\"https:\/\/imet-cz.cz\/en\/\",\"name\":\"IMET-CZ\",\"description\":\"D\u00e1v\u00e1me kovu nov\u00fd \u017eivot\",\"publisher\":{\"@id\":\"https:\/\/imet-cz.cz\/en\/#organization\"},\"potentialAction\":[{\"@type\":\"SearchAction\",\"target\":{\"@type\":\"EntryPoint\",\"urlTemplate\":\"https:\/\/imet-cz.cz\/en\/?s={search_term_string}\"},\"query-input\":\"required name=search_term_string\"}],\"inLanguage\":\"en-US\"},{\"@type\":\"WebPage\",\"@id\":\"https:\/\/imet-cz.cz\/en\/cart\/#webpage\",\"url\":\"https:\/\/imet-cz.cz\/en\/cart\/\",\"name\":\"Cart | IMET-CZ\",\"isPartOf\":{\"@id\":\"https:\/\/imet-cz.cz\/en\/#website\"},\"datePublished\":\"2021-07-13T20:40:55+00:00\",\"dateModified\":\"2021-08-22T16:51:51+00:00\",\"breadcrumb\":{\"@id\":\"https:\/\/imet-cz.cz\/en\/cart\/#breadcrumb\"},\"inLanguage\":\"en-US\",\"potentialAction\":[{\"@type\":\"ReadAction\",\"target\":[\"https:\/\/imet-cz.cz\/en\/cart\/\"]}]},{\"@type\":\"BreadcrumbList\",\"@id\":\"https:\/\/imet-cz.cz\/en\/cart\/#breadcrumb\",\"itemListElement\":[{\"@type\":\"ListItem\",\"position\":1,\"name\":\"Dom\u016f\",\"item\":\"https:\/\/imet-cz.cz\/en\/\"},{\"@type\":\"ListItem\",\"position\":2,\"name\":\"Ko\u0161\u00edk\"}]}]}<\/script>\n<!-- \/ Yoast SEO plugin. -->","yoast_head_json":{"title":"Cart | IMET-CZ","robots":{"index":"index","follow":"follow","max-snippet":"max-snippet:-1","max-image-preview":"max-image-preview:large","max-video-preview":"max-video-preview:-1"},"canonical":"https:\/\/imet-cz.cz\/en\/cart\/","og_locale":"en_US","og_type":"article","og_title":"Cart | IMET-CZ","og_url":"https:\/\/imet-cz.cz\/en\/cart\/","og_site_name":"IMET-CZ","article_modified_time":"2021-08-22T16:51:51+00:00","twitter_card":"summary_large_image","twitter_misc":{"Est. reading time":"1 minute"},"schema":{"@context":"https:\/\/schema.org","@graph":[{"@type":"Organization","@id":"https:\/\/imet-cz.cz\/en\/#organization","name":"IMET-CZ spol. s.r.o.","url":"https:\/\/imet-cz.cz\/en\/","sameAs":[],"logo":{"@type":"ImageObject","@id":"https:\/\/imet-cz.cz\/en\/#logo","inLanguage":"en-US","url":"https:\/\/imet-cz.cz\/wp-content\/uploads\/2021\/07\/logo43535.png","contentUrl":"https:\/\/imet-cz.cz\/wp-content\/uploads\/2021\/07\/logo43535.png","width":1000,"height":242,"caption":"IMET-CZ spol. s.r.o."},"image":{"@id":"https:\/\/imet-cz.cz\/en\/#logo"}},{"@type":"WebSite","@id":"https:\/\/imet-cz.cz\/en\/#website","url":"https:\/\/imet-cz.cz\/en\/","name":"IMET-CZ","description":"D\u00e1v\u00e1me kovu nov\u00fd \u017eivot","publisher":{"@id":"https:\/\/imet-cz.cz\/en\/#organization"},"potentialAction":[{"@type":"SearchAction","target":{"@type":"EntryPoint","urlTemplate":"https:\/\/imet-cz.cz\/en\/?s={search_term_string}"},"query-input":"required name=search_term_string"}],"inLanguage":"en-US"},{"@type":"WebPage","@id":"https:\/\/imet-cz.cz\/en\/cart\/#webpage","url":"https:\/\/imet-cz.cz\/en\/cart\/","name":"Cart | IMET-CZ","isPartOf":{"@id":"https:\/\/imet-cz.cz\/en\/#website"},"datePublished":"2021-07-13T20:40:55+00:00","dateModified":"2021-08-22T16:51:51+00:00","breadcrumb":{"@id":"https:\/\/imet-cz.cz\/en\/cart\/#breadcrumb"},"inLanguage":"en-US","potentialAction":[{"@type":"ReadAction","target":["https:\/\/imet-cz.cz\/en\/cart\/"]}]},{"@type":"BreadcrumbList","@id":"https:\/\/imet-cz.cz\/en\/cart\/#breadcrumb","itemListElement":[{"@type":"ListItem","position":1,"name":"Dom\u016f","item":"https:\/\/imet-cz.cz\/en\/"},{"@type":"ListItem","position":2,"name":"Ko\u0161\u00edk"}]}]}},"_links":{"self":[{"href":"https:\/\/imet-cz.cz\/en\/wp-json\/wp\/v2\/pages\/8541","targetHints":{"allow":["GET"]}}],"collection":[{"href":"https:\/\/imet-cz.cz\/en\/wp-json\/wp\/v2\/pages"}],"about":[{"href":"https:\/\/imet-cz.cz\/en\/wp-json\/wp\/v2\/types\/page"}],"author":[{"embeddable":true,"href":"https:\/\/imet-cz.cz\/en\/wp-json\/wp\/v2\/users\/1"}],"replies":[{"embeddable":true,"href":"https:\/\/imet-cz.cz\/en\/wp-json\/wp\/v2\/comments?post=8541"}],"version-history":[{"count":1,"href":"https:\/\/imet-cz.cz\/en\/wp-json\/wp\/v2\/pages\/8541\/revisions"}],"predecessor-version":[{"id":15650,"href":"https:\/\/imet-cz.cz\/en\/wp-json\/wp\/v2\/pages\/8541\/revisions\/15650"}],"wp:attachment":[{"href":"https:\/\/imet-cz.cz\/en\/wp-json\/wp\/v2\/media?parent=8541"}],"curies":[{"name":"wp","href":"https:\/\/api.w.org\/{rel}","templated":true}]}}