{"id":8543,"date":"2021-07-13T22:40:55","date_gmt":"2021-07-13T20:40:55","guid":{"rendered":"https:\/\/imet-cz.cz\/my-account\/"},"modified":"2021-08-22T19:00:03","modified_gmt":"2021-08-22T17:00:03","slug":"my-account","status":"publish","type":"page","link":"https:\/\/imet-cz.cz\/en\/my-account\/","title":{"rendered":"My Account"},"content":{"rendered":"\t\t<div data-elementor-type=\"wp-page\" data-elementor-id=\"8543\" class=\"elementor elementor-8543 elementor-22\" data-elementor-settings=\"[]\">\n\t\t\t\t\t\t\t<div class=\"elementor-section-wrap\">\n\t\t\t\t\t\t\t<section class=\"elementor-section elementor-top-section elementor-element elementor-element-7cbc88c elementor-section-boxed elementor-section-height-default elementor-section-height-default\" data-id=\"7cbc88c\" data-element_type=\"section\" data-settings=\"{&quot;jet_parallax_layout_list&quot;:[{&quot;jet_parallax_layout_image&quot;:{&quot;url&quot;:&quot;&quot;,&quot;id&quot;:&quot;&quot;},&quot;_id&quot;:&quot;bfd9c29&quot;,&quot;jet_parallax_layout_image_tablet&quot;:{&quot;url&quot;:&quot;&quot;,&quot;id&quot;:&quot;&quot;},&quot;jet_parallax_layout_image_mobile&quot;:{&quot;url&quot;:&quot;&quot;,&quot;id&quot;:&quot;&quot;},&quot;jet_parallax_layout_speed&quot;:{&quot;unit&quot;:&quot;%&quot;,&quot;size&quot;:50,&quot;sizes&quot;:[]},&quot;jet_parallax_layout_type&quot;:&quot;scroll&quot;,&quot;jet_parallax_layout_direction&quot;:null,&quot;jet_parallax_layout_fx_direction&quot;:null,&quot;jet_parallax_layout_z_index&quot;:&quot;&quot;,&quot;jet_parallax_layout_bg_x&quot;:50,&quot;jet_parallax_layout_bg_x_tablet&quot;:&quot;&quot;,&quot;jet_parallax_layout_bg_x_mobile&quot;:&quot;&quot;,&quot;jet_parallax_layout_bg_y&quot;:50,&quot;jet_parallax_layout_bg_y_tablet&quot;:&quot;&quot;,&quot;jet_parallax_layout_bg_y_mobile&quot;:&quot;&quot;,&quot;jet_parallax_layout_bg_size&quot;:&quot;auto&quot;,&quot;jet_parallax_layout_bg_size_tablet&quot;:&quot;&quot;,&quot;jet_parallax_layout_bg_size_mobile&quot;:&quot;&quot;,&quot;jet_parallax_layout_animation_prop&quot;:&quot;transform&quot;,&quot;jet_parallax_layout_on&quot;:[&quot;desktop&quot;,&quot;tablet&quot;]}],&quot;background_background&quot;:&quot;classic&quot;}\">\n\t\t\t\t\t\t<div class=\"elementor-container elementor-column-gap-default\">\n\t\t\t\t\t<div class=\"elementor-column elementor-col-100 elementor-top-column elementor-element elementor-element-ec712a8\" data-id=\"ec712a8\" data-element_type=\"column\">\n\t\t\t<div class=\"elementor-widget-wrap elementor-element-populated\">\n\t\t\t\t\t\t\t\t<div class=\"elementor-element elementor-element-75de37c elementor-widget elementor-widget-woocommerce-breadcrumb\" data-id=\"75de37c\" data-element_type=\"widget\" data-widget_type=\"woocommerce-breadcrumb.default\">\n\t\t\t\t<div class=\"elementor-widget-container\">\n\t\t\t<nav class=\"woocommerce-breadcrumb\">Home<\/nav>\t\t<\/div>\n\t\t\t\t<\/div>\n\t\t\t\t<div class=\"elementor-element elementor-element-076e613 elementor-widget elementor-widget-heading\" data-id=\"076e613\" data-element_type=\"widget\" data-widget_type=\"heading.default\">\n\t\t\t\t<div class=\"elementor-widget-container\">\n\t\t\t<h2 class=\"elementor-heading-title elementor-size-default\">My Account<\/h2>\t\t<\/div>\n\t\t\t\t<\/div>\n\t\t\t\t\t<\/div>\n\t\t<\/div>\n\t\t\t\t\t\t\t<\/div>\n\t\t<\/section>\n\t\t\t\t<section class=\"elementor-section elementor-top-section elementor-element elementor-element-55e00612 elementor-section-boxed elementor-section-height-default elementor-section-height-default\" data-id=\"55e00612\" data-element_type=\"section\" data-settings=\"{&quot;jet_parallax_layout_list&quot;:[{&quot;jet_parallax_layout_image&quot;:{&quot;url&quot;:&quot;&quot;,&quot;id&quot;:&quot;&quot;},&quot;_id&quot;:&quot;ae3b8c7&quot;,&quot;jet_parallax_layout_image_tablet&quot;:{&quot;url&quot;:&quot;&quot;,&quot;id&quot;:&quot;&quot;},&quot;jet_parallax_layout_image_mobile&quot;:{&quot;url&quot;:&quot;&quot;,&quot;id&quot;:&quot;&quot;},&quot;jet_parallax_layout_speed&quot;:{&quot;unit&quot;:&quot;%&quot;,&quot;size&quot;:50,&quot;sizes&quot;:[]},&quot;jet_parallax_layout_type&quot;:&quot;scroll&quot;,&quot;jet_parallax_layout_direction&quot;:null,&quot;jet_parallax_layout_fx_direction&quot;:null,&quot;jet_parallax_layout_z_index&quot;:&quot;&quot;,&quot;jet_parallax_layout_bg_x&quot;:50,&quot;jet_parallax_layout_bg_x_tablet&quot;:&quot;&quot;,&quot;jet_parallax_layout_bg_x_mobile&quot;:&quot;&quot;,&quot;jet_parallax_layout_bg_y&quot;:50,&quot;jet_parallax_layout_bg_y_tablet&quot;:&quot;&quot;,&quot;jet_parallax_layout_bg_y_mobile&quot;:&quot;&quot;,&quot;jet_parallax_layout_bg_size&quot;:&quot;auto&quot;,&quot;jet_parallax_layout_bg_size_tablet&quot;:&quot;&quot;,&quot;jet_parallax_layout_bg_size_mobile&quot;:&quot;&quot;,&quot;jet_parallax_layout_animation_prop&quot;:&quot;transform&quot;,&quot;jet_parallax_layout_on&quot;:[&quot;desktop&quot;,&quot;tablet&quot;]}],&quot;background_background&quot;:&quot;classic&quot;}\">\n\t\t\t\t\t\t<div class=\"elementor-container elementor-column-gap-default\">\n\t\t\t\t\t<div class=\"elementor-column elementor-col-100 elementor-top-column elementor-element elementor-element-2d222ae5\" data-id=\"2d222ae5\" data-element_type=\"column\" data-settings=\"{&quot;background_background&quot;:&quot;classic&quot;}\">\n\t\t\t<div class=\"elementor-widget-wrap elementor-element-populated\">\n\t\t\t\t\t\t\t\t<div class=\"elementor-element elementor-element-1bdc22c elementor-widget elementor-widget-text-editor\" data-id=\"1bdc22c\" data-element_type=\"widget\" data-widget_type=\"text-editor.default\">\n\t\t\t\t<div class=\"elementor-widget-container\">\n\t\t\t\t\t\t\t<p><div class=\"woocommerce\">\n\n\t\t<h2>Login<\/h2>\n\n\t\t<form class=\"woocommerce-form woocommerce-form-login login\" method=\"post\">\n\n\t\t\t\n\t\t\t<p class=\"woocommerce-form-row woocommerce-form-row--wide form-row form-row-wide\">\n\t\t\t\t<label for=\"username\">Username or email address&nbsp;<span class=\"required\">*<\/span><\/label>\n\t\t\t\t<input type=\"text\" class=\"woocommerce-Input woocommerce-Input--text input-text\" name=\"username\" id=\"username\" autocomplete=\"username\" value=\"\" \/>\t\t\t<\/p>\n\t\t\t<p class=\"woocommerce-form-row woocommerce-form-row--wide form-row form-row-wide\">\n\t\t\t\t<label for=\"password\">Password&nbsp;<span class=\"required\">*<\/span><\/label>\n\t\t\t\t<input class=\"woocommerce-Input woocommerce-Input--text input-text\" type=\"password\" name=\"password\" id=\"password\" autocomplete=\"current-password\" \/>\n\t\t\t<\/p>\n\n\t\t\t\n\t\t\t<p class=\"form-row\">\n\t\t\t\t<label class=\"woocommerce-form__label woocommerce-form__label-for-checkbox woocommerce-form-login__rememberme\">\n\t\t\t\t\t<input class=\"woocommerce-form__input woocommerce-form__input-checkbox\" name=\"rememberme\" type=\"checkbox\" id=\"rememberme\" value=\"forever\" \/> <span>Remember me<\/span>\n\t\t\t\t<\/label>\n\t\t\t\t<input type=\"hidden\" id=\"woocommerce-login-nonce\" name=\"woocommerce-login-nonce\" value=\"60e6f4a807\" \/><input type=\"hidden\" name=\"_wp_http_referer\" value=\"\/en\/wp-json\/wp\/v2\/pages\/8543\" \/>\t\t\t\t<button type=\"submit\" class=\"woocommerce-button button woocommerce-form-login__submit\" name=\"login\" value=\"Log in\">Log in<\/button>\n\t\t\t<\/p>\n\t\t\t<p class=\"woocommerce-LostPassword lost_password\">\n\t\t\t\t<a href=\"https:\/\/imet-cz.cz\/en\/my-account\/lost-password\/\">Lost your password?<\/a>\n\t\t\t<\/p>\n\n\t\t\t\n\t\t<\/form>\n\n\n<\/div><\/p>\n\t\t\t\t\t\t<\/div>\n\t\t\t\t<\/div>\n\t\t\t\t\t<\/div>\n\t\t<\/div>\n\t\t\t\t\t\t\t<\/div>\n\t\t<\/section>\n\t\t\t\t\t\t<\/div>\n\t\t\t\t\t<\/div>\n\t\t","protected":false},"excerpt":{"rendered":"<p>My Account<\/p>\n","protected":false},"author":1,"featured_media":0,"parent":0,"menu_order":0,"comment_status":"closed","ping_status":"closed","template":"elementor_header_footer","meta":{"footnotes":""},"class_list":["post-8543","page","type-page","status-publish","hentry"],"yoast_head":"<!-- This site is optimized with the Yoast SEO plugin v18.2 - https:\/\/yoast.com\/wordpress\/plugins\/seo\/ -->\n<title>My Account | IMET-CZ<\/title>\n<meta name=\"robots\" content=\"index, follow, max-snippet:-1, max-image-preview:large, max-video-preview:-1\" \/>\n<link rel=\"canonical\" href=\"https:\/\/imet-cz.cz\/en\/my-account\/\" \/>\n<meta property=\"og:locale\" content=\"en_US\" \/>\n<meta property=\"og:type\" content=\"article\" \/>\n<meta property=\"og:title\" content=\"My Account | IMET-CZ\" \/>\n<meta property=\"og:description\" content=\"My Account\" \/>\n<meta property=\"og:url\" content=\"https:\/\/imet-cz.cz\/en\/my-account\/\" \/>\n<meta property=\"og:site_name\" content=\"IMET-CZ\" \/>\n<meta property=\"article:modified_time\" content=\"2021-08-22T17:00:03+00:00\" \/>\n<meta name=\"twitter:card\" content=\"summary_large_image\" \/>\n<meta name=\"twitter:label1\" content=\"Est. reading time\" \/>\n\t<meta name=\"twitter:data1\" content=\"1 minute\" \/>\n<script type=\"application\/ld+json\" class=\"yoast-schema-graph\">{\"@context\":\"https:\/\/schema.org\",\"@graph\":[{\"@type\":\"Organization\",\"@id\":\"https:\/\/imet-cz.cz\/en\/#organization\",\"name\":\"IMET-CZ spol. s.r.o.\",\"url\":\"https:\/\/imet-cz.cz\/en\/\",\"sameAs\":[],\"logo\":{\"@type\":\"ImageObject\",\"@id\":\"https:\/\/imet-cz.cz\/en\/#logo\",\"inLanguage\":\"en-US\",\"url\":\"https:\/\/imet-cz.cz\/wp-content\/uploads\/2021\/07\/logo43535.png\",\"contentUrl\":\"https:\/\/imet-cz.cz\/wp-content\/uploads\/2021\/07\/logo43535.png\",\"width\":1000,\"height\":242,\"caption\":\"IMET-CZ spol. s.r.o.\"},\"image\":{\"@id\":\"https:\/\/imet-cz.cz\/en\/#logo\"}},{\"@type\":\"WebSite\",\"@id\":\"https:\/\/imet-cz.cz\/en\/#website\",\"url\":\"https:\/\/imet-cz.cz\/en\/\",\"name\":\"IMET-CZ\",\"description\":\"D\u00e1v\u00e1me kovu nov\u00fd \u017eivot\",\"publisher\":{\"@id\":\"https:\/\/imet-cz.cz\/en\/#organization\"},\"potentialAction\":[{\"@type\":\"SearchAction\",\"target\":{\"@type\":\"EntryPoint\",\"urlTemplate\":\"https:\/\/imet-cz.cz\/en\/?s={search_term_string}\"},\"query-input\":\"required name=search_term_string\"}],\"inLanguage\":\"en-US\"},{\"@type\":\"WebPage\",\"@id\":\"https:\/\/imet-cz.cz\/en\/my-account\/#webpage\",\"url\":\"https:\/\/imet-cz.cz\/en\/my-account\/\",\"name\":\"My Account | IMET-CZ\",\"isPartOf\":{\"@id\":\"https:\/\/imet-cz.cz\/en\/#website\"},\"datePublished\":\"2021-07-13T20:40:55+00:00\",\"dateModified\":\"2021-08-22T17:00:03+00:00\",\"breadcrumb\":{\"@id\":\"https:\/\/imet-cz.cz\/en\/my-account\/#breadcrumb\"},\"inLanguage\":\"en-US\",\"potentialAction\":[{\"@type\":\"ReadAction\",\"target\":[\"https:\/\/imet-cz.cz\/en\/my-account\/\"]}]},{\"@type\":\"BreadcrumbList\",\"@id\":\"https:\/\/imet-cz.cz\/en\/my-account\/#breadcrumb\",\"itemListElement\":[{\"@type\":\"ListItem\",\"position\":1,\"name\":\"Dom\u016f\",\"item\":\"https:\/\/imet-cz.cz\/en\/\"},{\"@type\":\"ListItem\",\"position\":2,\"name\":\"My Account\"}]}]}<\/script>\n<!-- \/ Yoast SEO plugin. -->","yoast_head_json":{"title":"My Account | IMET-CZ","robots":{"index":"index","follow":"follow","max-snippet":"max-snippet:-1","max-image-preview":"max-image-preview:large","max-video-preview":"max-video-preview:-1"},"canonical":"https:\/\/imet-cz.cz\/en\/my-account\/","og_locale":"en_US","og_type":"article","og_title":"My Account | IMET-CZ","og_description":"My Account","og_url":"https:\/\/imet-cz.cz\/en\/my-account\/","og_site_name":"IMET-CZ","article_modified_time":"2021-08-22T17:00:03+00:00","twitter_card":"summary_large_image","twitter_misc":{"Est. reading time":"1 minute"},"schema":{"@context":"https:\/\/schema.org","@graph":[{"@type":"Organization","@id":"https:\/\/imet-cz.cz\/en\/#organization","name":"IMET-CZ spol. s.r.o.","url":"https:\/\/imet-cz.cz\/en\/","sameAs":[],"logo":{"@type":"ImageObject","@id":"https:\/\/imet-cz.cz\/en\/#logo","inLanguage":"en-US","url":"https:\/\/imet-cz.cz\/wp-content\/uploads\/2021\/07\/logo43535.png","contentUrl":"https:\/\/imet-cz.cz\/wp-content\/uploads\/2021\/07\/logo43535.png","width":1000,"height":242,"caption":"IMET-CZ spol. s.r.o."},"image":{"@id":"https:\/\/imet-cz.cz\/en\/#logo"}},{"@type":"WebSite","@id":"https:\/\/imet-cz.cz\/en\/#website","url":"https:\/\/imet-cz.cz\/en\/","name":"IMET-CZ","description":"D\u00e1v\u00e1me kovu nov\u00fd \u017eivot","publisher":{"@id":"https:\/\/imet-cz.cz\/en\/#organization"},"potentialAction":[{"@type":"SearchAction","target":{"@type":"EntryPoint","urlTemplate":"https:\/\/imet-cz.cz\/en\/?s={search_term_string}"},"query-input":"required name=search_term_string"}],"inLanguage":"en-US"},{"@type":"WebPage","@id":"https:\/\/imet-cz.cz\/en\/my-account\/#webpage","url":"https:\/\/imet-cz.cz\/en\/my-account\/","name":"My Account | IMET-CZ","isPartOf":{"@id":"https:\/\/imet-cz.cz\/en\/#website"},"datePublished":"2021-07-13T20:40:55+00:00","dateModified":"2021-08-22T17:00:03+00:00","breadcrumb":{"@id":"https:\/\/imet-cz.cz\/en\/my-account\/#breadcrumb"},"inLanguage":"en-US","potentialAction":[{"@type":"ReadAction","target":["https:\/\/imet-cz.cz\/en\/my-account\/"]}]},{"@type":"BreadcrumbList","@id":"https:\/\/imet-cz.cz\/en\/my-account\/#breadcrumb","itemListElement":[{"@type":"ListItem","position":1,"name":"Dom\u016f","item":"https:\/\/imet-cz.cz\/en\/"},{"@type":"ListItem","position":2,"name":"My Account"}]}]}},"_links":{"self":[{"href":"https:\/\/imet-cz.cz\/en\/wp-json\/wp\/v2\/pages\/8543","targetHints":{"allow":["GET"]}}],"collection":[{"href":"https:\/\/imet-cz.cz\/en\/wp-json\/wp\/v2\/pages"}],"about":[{"href":"https:\/\/imet-cz.cz\/en\/wp-json\/wp\/v2\/types\/page"}],"author":[{"embeddable":true,"href":"https:\/\/imet-cz.cz\/en\/wp-json\/wp\/v2\/users\/1"}],"replies":[{"embeddable":true,"href":"https:\/\/imet-cz.cz\/en\/wp-json\/wp\/v2\/comments?post=8543"}],"version-history":[{"count":11,"href":"https:\/\/imet-cz.cz\/en\/wp-json\/wp\/v2\/pages\/8543\/revisions"}],"predecessor-version":[{"id":15660,"href":"https:\/\/imet-cz.cz\/en\/wp-json\/wp\/v2\/pages\/8543\/revisions\/15660"}],"wp:attachment":[{"href":"https:\/\/imet-cz.cz\/en\/wp-json\/wp\/v2\/media?parent=8543"}],"curies":[{"name":"wp","href":"https:\/\/api.w.org\/{rel}","templated":true}]}}