{"id":8657,"date":"2021-07-26T23:40:13","date_gmt":"2021-07-26T21:40:13","guid":{"rendered":"https:\/\/imet-cz.cz\/shop\/bezpecnost-en\/"},"modified":"2022-01-18T11:58:39","modified_gmt":"2022-01-18T10:58:39","slug":"security","status":"publish","type":"page","link":"https:\/\/imet-cz.cz\/en\/shop\/security\/","title":{"rendered":"Security"},"content":{"rendered":"\t\t<div data-elementor-type=\"wp-page\" data-elementor-id=\"8657\" class=\"elementor elementor-8657 elementor-7562\" data-elementor-settings=\"[]\">\n\t\t\t\t\t\t\t<div class=\"elementor-section-wrap\">\n\t\t\t\t\t\t\t<section class=\"elementor-section elementor-top-section elementor-element elementor-element-47c02ed elementor-section-boxed elementor-section-height-default elementor-section-height-default\" data-id=\"47c02ed\" data-element_type=\"section\" data-settings=\"{&quot;jet_parallax_layout_list&quot;:[{&quot;jet_parallax_layout_image&quot;:{&quot;url&quot;:&quot;&quot;,&quot;id&quot;:&quot;&quot;},&quot;_id&quot;:&quot;bfd9c29&quot;,&quot;jet_parallax_layout_image_tablet&quot;:{&quot;url&quot;:&quot;&quot;,&quot;id&quot;:&quot;&quot;},&quot;jet_parallax_layout_image_mobile&quot;:{&quot;url&quot;:&quot;&quot;,&quot;id&quot;:&quot;&quot;},&quot;jet_parallax_layout_speed&quot;:{&quot;unit&quot;:&quot;%&quot;,&quot;size&quot;:50,&quot;sizes&quot;:[]},&quot;jet_parallax_layout_type&quot;:&quot;scroll&quot;,&quot;jet_parallax_layout_direction&quot;:null,&quot;jet_parallax_layout_fx_direction&quot;:null,&quot;jet_parallax_layout_z_index&quot;:&quot;&quot;,&quot;jet_parallax_layout_bg_x&quot;:50,&quot;jet_parallax_layout_bg_x_tablet&quot;:&quot;&quot;,&quot;jet_parallax_layout_bg_x_mobile&quot;:&quot;&quot;,&quot;jet_parallax_layout_bg_y&quot;:50,&quot;jet_parallax_layout_bg_y_tablet&quot;:&quot;&quot;,&quot;jet_parallax_layout_bg_y_mobile&quot;:&quot;&quot;,&quot;jet_parallax_layout_bg_size&quot;:&quot;auto&quot;,&quot;jet_parallax_layout_bg_size_tablet&quot;:&quot;&quot;,&quot;jet_parallax_layout_bg_size_mobile&quot;:&quot;&quot;,&quot;jet_parallax_layout_animation_prop&quot;:&quot;transform&quot;,&quot;jet_parallax_layout_on&quot;:[&quot;desktop&quot;,&quot;tablet&quot;]}],&quot;background_background&quot;:&quot;classic&quot;}\">\n\t\t\t\t\t\t<div class=\"elementor-container elementor-column-gap-default\">\n\t\t\t\t\t<div class=\"elementor-column elementor-col-100 elementor-top-column elementor-element elementor-element-3f908eb\" data-id=\"3f908eb\" data-element_type=\"column\">\n\t\t\t<div class=\"elementor-widget-wrap elementor-element-populated\">\n\t\t\t\t\t\t\t\t<div class=\"elementor-element elementor-element-6a42022 elementor-widget elementor-widget-woocommerce-breadcrumb\" data-id=\"6a42022\" data-element_type=\"widget\" data-widget_type=\"woocommerce-breadcrumb.default\">\n\t\t\t\t<div class=\"elementor-widget-container\">\n\t\t\t<nav class=\"woocommerce-breadcrumb\">Home<\/nav>\t\t<\/div>\n\t\t\t\t<\/div>\n\t\t\t\t<div class=\"elementor-element elementor-element-44e51e2 elementor-widget elementor-widget-heading\" data-id=\"44e51e2\" data-element_type=\"widget\" data-widget_type=\"heading.default\">\n\t\t\t\t<div class=\"elementor-widget-container\">\n\t\t\t<h2 class=\"elementor-heading-title elementor-size-default\">Security<\/h2>\t\t<\/div>\n\t\t\t\t<\/div>\n\t\t\t\t\t<\/div>\n\t\t<\/div>\n\t\t\t\t\t\t\t<\/div>\n\t\t<\/section>\n\t\t\t\t<section class=\"elementor-section elementor-top-section elementor-element elementor-element-733cefa elementor-section-boxed elementor-section-height-default elementor-section-height-default\" data-id=\"733cefa\" data-element_type=\"section\" data-settings=\"{&quot;jet_parallax_layout_list&quot;:[{&quot;jet_parallax_layout_image&quot;:{&quot;url&quot;:&quot;&quot;,&quot;id&quot;:&quot;&quot;},&quot;_id&quot;:&quot;ae3b8c7&quot;,&quot;jet_parallax_layout_image_tablet&quot;:{&quot;url&quot;:&quot;&quot;,&quot;id&quot;:&quot;&quot;},&quot;jet_parallax_layout_image_mobile&quot;:{&quot;url&quot;:&quot;&quot;,&quot;id&quot;:&quot;&quot;},&quot;jet_parallax_layout_speed&quot;:{&quot;unit&quot;:&quot;%&quot;,&quot;size&quot;:50,&quot;sizes&quot;:[]},&quot;jet_parallax_layout_type&quot;:&quot;scroll&quot;,&quot;jet_parallax_layout_direction&quot;:null,&quot;jet_parallax_layout_fx_direction&quot;:null,&quot;jet_parallax_layout_z_index&quot;:&quot;&quot;,&quot;jet_parallax_layout_bg_x&quot;:50,&quot;jet_parallax_layout_bg_x_tablet&quot;:&quot;&quot;,&quot;jet_parallax_layout_bg_x_mobile&quot;:&quot;&quot;,&quot;jet_parallax_layout_bg_y&quot;:50,&quot;jet_parallax_layout_bg_y_tablet&quot;:&quot;&quot;,&quot;jet_parallax_layout_bg_y_mobile&quot;:&quot;&quot;,&quot;jet_parallax_layout_bg_size&quot;:&quot;auto&quot;,&quot;jet_parallax_layout_bg_size_tablet&quot;:&quot;&quot;,&quot;jet_parallax_layout_bg_size_mobile&quot;:&quot;&quot;,&quot;jet_parallax_layout_animation_prop&quot;:&quot;transform&quot;,&quot;jet_parallax_layout_on&quot;:[&quot;desktop&quot;,&quot;tablet&quot;]}],&quot;background_background&quot;:&quot;classic&quot;}\">\n\t\t\t\t\t\t<div class=\"elementor-container elementor-column-gap-default\">\n\t\t\t\t\t<div class=\"elementor-column elementor-col-100 elementor-top-column elementor-element elementor-element-c5f0fea\" data-id=\"c5f0fea\" data-element_type=\"column\" data-settings=\"{&quot;background_background&quot;:&quot;classic&quot;}\">\n\t\t\t<div class=\"elementor-widget-wrap elementor-element-populated\">\n\t\t\t\t\t\t\t\t<section class=\"elementor-section elementor-inner-section elementor-element elementor-element-79e5bb9 elementor-section-boxed elementor-section-height-default elementor-section-height-default\" data-id=\"79e5bb9\" data-element_type=\"section\" data-settings=\"{&quot;jet_parallax_layout_list&quot;:[{&quot;jet_parallax_layout_image&quot;:{&quot;url&quot;:&quot;&quot;,&quot;id&quot;:&quot;&quot;},&quot;_id&quot;:&quot;d9efd3a&quot;,&quot;jet_parallax_layout_image_tablet&quot;:{&quot;url&quot;:&quot;&quot;,&quot;id&quot;:&quot;&quot;},&quot;jet_parallax_layout_image_mobile&quot;:{&quot;url&quot;:&quot;&quot;,&quot;id&quot;:&quot;&quot;},&quot;jet_parallax_layout_speed&quot;:{&quot;unit&quot;:&quot;%&quot;,&quot;size&quot;:50,&quot;sizes&quot;:[]},&quot;jet_parallax_layout_type&quot;:&quot;scroll&quot;,&quot;jet_parallax_layout_direction&quot;:null,&quot;jet_parallax_layout_fx_direction&quot;:null,&quot;jet_parallax_layout_z_index&quot;:&quot;&quot;,&quot;jet_parallax_layout_bg_x&quot;:50,&quot;jet_parallax_layout_bg_x_tablet&quot;:&quot;&quot;,&quot;jet_parallax_layout_bg_x_mobile&quot;:&quot;&quot;,&quot;jet_parallax_layout_bg_y&quot;:50,&quot;jet_parallax_layout_bg_y_tablet&quot;:&quot;&quot;,&quot;jet_parallax_layout_bg_y_mobile&quot;:&quot;&quot;,&quot;jet_parallax_layout_bg_size&quot;:&quot;auto&quot;,&quot;jet_parallax_layout_bg_size_tablet&quot;:&quot;&quot;,&quot;jet_parallax_layout_bg_size_mobile&quot;:&quot;&quot;,&quot;jet_parallax_layout_animation_prop&quot;:&quot;transform&quot;,&quot;jet_parallax_layout_on&quot;:[&quot;desktop&quot;,&quot;tablet&quot;]}]}\">\n\t\t\t\t\t\t<div class=\"elementor-container elementor-column-gap-default\">\n\t\t\t\t\t<div class=\"elementor-column elementor-col-100 elementor-inner-column elementor-element elementor-element-1af6134\" data-id=\"1af6134\" data-element_type=\"column\">\n\t\t\t<div class=\"elementor-widget-wrap elementor-element-populated\">\n\t\t\t\t\t\t\t\t<div class=\"elementor-element elementor-element-b73975a elementor-widget elementor-widget-heading\" data-id=\"b73975a\" data-element_type=\"widget\" data-widget_type=\"heading.default\">\n\t\t\t\t<div class=\"elementor-widget-container\">\n\t\t\t<h3 class=\"elementor-heading-title elementor-size-default\">HTTPS and SSL\/TLS encryption:<\/h3>\t\t<\/div>\n\t\t\t\t<\/div>\n\t\t\t\t<div class=\"elementor-element elementor-element-34c3b3a elementor-widget elementor-widget-text-editor\" data-id=\"34c3b3a\" data-element_type=\"widget\" data-widget_type=\"text-editor.default\">\n\t\t\t\t<div class=\"elementor-widget-container\">\n\t\t\t\t\t\t\t<p>eCommerce is available only via secure protocol HTTPS, which encrypts communication by using SSL\/TLS. Even public page eCommerce uses this level of security.<\/p>\n\t\t\t\t\t\t<\/div>\n\t\t\t\t<\/div>\n\t\t\t\t<div class=\"elementor-element elementor-element-93f52d9 elementor-widget elementor-widget-heading\" data-id=\"93f52d9\" data-element_type=\"widget\" data-widget_type=\"heading.default\">\n\t\t\t\t<div class=\"elementor-widget-container\">\n\t\t\t<h3 class=\"elementor-heading-title elementor-size-default\">OVH servers:<\/h3>\t\t<\/div>\n\t\t\t\t<\/div>\n\t\t\t\t<div class=\"elementor-element elementor-element-1322dfd elementor-widget elementor-widget-text-editor\" data-id=\"1322dfd\" data-element_type=\"widget\" data-widget_type=\"text-editor.default\">\n\t\t\t\t<div class=\"elementor-widget-container\">\n\t\t\t\t\t\t\t<p>eCommerce maintained on robust and scalable IT infrastructure by OVH, which is designed to give Your data high level of security. Data centers for our eCommerce platform are in Europe union.<\/p>\t\t\t\t\t\t<\/div>\n\t\t\t\t<\/div>\n\t\t\t\t<div class=\"elementor-element elementor-element-805e0fb elementor-widget elementor-widget-heading\" data-id=\"805e0fb\" data-element_type=\"widget\" data-widget_type=\"heading.default\">\n\t\t\t\t<div class=\"elementor-widget-container\">\n\t\t\t<h3 class=\"elementor-heading-title elementor-size-default\">Continuous database replication:<\/h3>\t\t<\/div>\n\t\t\t\t<\/div>\n\t\t\t\t<div class=\"elementor-element elementor-element-a48195b elementor-widget elementor-widget-text-editor\" data-id=\"a48195b\" data-element_type=\"widget\" data-widget_type=\"text-editor.default\">\n\t\t\t\t<div class=\"elementor-widget-container\">\n\t\t\t\t\t\t\t<p>eCommerce database is continuously, synchronously replicated to secondary, geographicaly sepparated zone, which is capable of taking over functionality in case (implausible) failure of primary database. In addition, database is periodically backupped to safe storage.<\/p>\n\t\t\t\t\t\t<\/div>\n\t\t\t\t<\/div>\n\t\t\t\t<div class=\"elementor-element elementor-element-d2b60dc elementor-widget elementor-widget-heading\" data-id=\"d2b60dc\" data-element_type=\"widget\" data-widget_type=\"heading.default\">\n\t\t\t\t<div class=\"elementor-widget-container\">\n\t\t\t<h3 class=\"elementor-heading-title elementor-size-default\">Your data is Yours:<\/h3>\t\t<\/div>\n\t\t\t\t<\/div>\n\t\t\t\t<div class=\"elementor-element elementor-element-8a5c515 elementor-widget elementor-widget-text-editor\" data-id=\"8a5c515\" data-element_type=\"widget\" data-widget_type=\"text-editor.default\">\n\t\t\t\t<div class=\"elementor-widget-container\">\n\t\t\t\t\t\t\t<p>We do not offer Your data to third parties, neither in anonymous agregated form.<\/p>\n\t\t\t\t\t\t<\/div>\n\t\t\t\t<\/div>\n\t\t\t\t\t<\/div>\n\t\t<\/div>\n\t\t\t\t\t\t\t<\/div>\n\t\t<\/section>\n\t\t\t\t\t<\/div>\n\t\t<\/div>\n\t\t\t\t\t\t\t<\/div>\n\t\t<\/section>\n\t\t\t\t\t\t<\/div>\n\t\t\t\t\t<\/div>\n\t\t","protected":false},"excerpt":{"rendered":"<p>Security HTTPS and SSL\/TLS encryption: eCommerce is available only via secure protocol HTTPS, which encrypts communication by using SSL\/TLS. Even public page eCommerce uses this level of security. OVH servers: eCommerce maintained on robust and scalable IT infrastructure by OVH, which is designed to give Your data high level of security. Data centers for our [&hellip;]<\/p>\n","protected":false},"author":1,"featured_media":0,"parent":8540,"menu_order":0,"comment_status":"closed","ping_status":"closed","template":"elementor_header_footer","meta":{"footnotes":""},"class_list":["post-8657","page","type-page","status-publish","hentry"],"yoast_head":"<!-- This site is optimized with the Yoast SEO plugin v18.2 - https:\/\/yoast.com\/wordpress\/plugins\/seo\/ -->\n<title>Security | IMET-CZ<\/title>\n<meta name=\"description\" content=\"eCommerce je p\u0159\u00edstupn\u00fd v\u00fdlu\u010dn\u011b prost\u0159ednictv\u00edm zabezpe\u010den\u00e9ho protokolu HTTPS, kter\u00fd \u0161ifruje komunikaci pou\u017eit\u00edm SSL\/TLS. Tento stupe\u0148 bezpe\u010dnosti pou\u017e\u00edv\u00e1 i ve\u0159ejn\u00e1 str\u00e1nka eCommerce.\" \/>\n<meta name=\"robots\" content=\"index, follow, max-snippet:-1, max-image-preview:large, max-video-preview:-1\" \/>\n<link rel=\"canonical\" href=\"https:\/\/imet-cz.cz\/en\/shop\/security\/\" \/>\n<meta property=\"og:locale\" content=\"en_US\" \/>\n<meta property=\"og:type\" content=\"article\" \/>\n<meta property=\"og:title\" content=\"Security | IMET-CZ\" \/>\n<meta property=\"og:description\" content=\"eCommerce je p\u0159\u00edstupn\u00fd v\u00fdlu\u010dn\u011b prost\u0159ednictv\u00edm zabezpe\u010den\u00e9ho protokolu HTTPS, kter\u00fd \u0161ifruje komunikaci pou\u017eit\u00edm SSL\/TLS. Tento stupe\u0148 bezpe\u010dnosti pou\u017e\u00edv\u00e1 i ve\u0159ejn\u00e1 str\u00e1nka eCommerce.\" \/>\n<meta property=\"og:url\" content=\"https:\/\/imet-cz.cz\/en\/shop\/security\/\" \/>\n<meta property=\"og:site_name\" content=\"IMET-CZ\" \/>\n<meta property=\"article:modified_time\" content=\"2022-01-18T10:58:39+00:00\" \/>\n<meta name=\"twitter:card\" content=\"summary_large_image\" \/>\n<meta name=\"twitter:label1\" content=\"Est. reading time\" \/>\n\t<meta name=\"twitter:data1\" content=\"1 minute\" \/>\n<script type=\"application\/ld+json\" class=\"yoast-schema-graph\">{\"@context\":\"https:\/\/schema.org\",\"@graph\":[{\"@type\":\"Organization\",\"@id\":\"https:\/\/imet-cz.cz\/en\/#organization\",\"name\":\"IMET-CZ spol. s.r.o.\",\"url\":\"https:\/\/imet-cz.cz\/en\/\",\"sameAs\":[],\"logo\":{\"@type\":\"ImageObject\",\"@id\":\"https:\/\/imet-cz.cz\/en\/#logo\",\"inLanguage\":\"en-US\",\"url\":\"https:\/\/imet-cz.cz\/wp-content\/uploads\/2021\/07\/logo43535.png\",\"contentUrl\":\"https:\/\/imet-cz.cz\/wp-content\/uploads\/2021\/07\/logo43535.png\",\"width\":1000,\"height\":242,\"caption\":\"IMET-CZ spol. s.r.o.\"},\"image\":{\"@id\":\"https:\/\/imet-cz.cz\/en\/#logo\"}},{\"@type\":\"WebSite\",\"@id\":\"https:\/\/imet-cz.cz\/en\/#website\",\"url\":\"https:\/\/imet-cz.cz\/en\/\",\"name\":\"IMET-CZ\",\"description\":\"D\u00e1v\u00e1me kovu nov\u00fd \u017eivot\",\"publisher\":{\"@id\":\"https:\/\/imet-cz.cz\/en\/#organization\"},\"potentialAction\":[{\"@type\":\"SearchAction\",\"target\":{\"@type\":\"EntryPoint\",\"urlTemplate\":\"https:\/\/imet-cz.cz\/en\/?s={search_term_string}\"},\"query-input\":\"required name=search_term_string\"}],\"inLanguage\":\"en-US\"},{\"@type\":\"WebPage\",\"@id\":\"https:\/\/imet-cz.cz\/en\/shop\/security\/#webpage\",\"url\":\"https:\/\/imet-cz.cz\/en\/shop\/security\/\",\"name\":\"Security | IMET-CZ\",\"isPartOf\":{\"@id\":\"https:\/\/imet-cz.cz\/en\/#website\"},\"datePublished\":\"2021-07-26T21:40:13+00:00\",\"dateModified\":\"2022-01-18T10:58:39+00:00\",\"description\":\"eCommerce je p\u0159\u00edstupn\u00fd v\u00fdlu\u010dn\u011b prost\u0159ednictv\u00edm zabezpe\u010den\u00e9ho protokolu HTTPS, kter\u00fd \u0161ifruje komunikaci pou\u017eit\u00edm SSL\/TLS. Tento stupe\u0148 bezpe\u010dnosti pou\u017e\u00edv\u00e1 i ve\u0159ejn\u00e1 str\u00e1nka eCommerce.\",\"breadcrumb\":{\"@id\":\"https:\/\/imet-cz.cz\/en\/shop\/security\/#breadcrumb\"},\"inLanguage\":\"en-US\",\"potentialAction\":[{\"@type\":\"ReadAction\",\"target\":[\"https:\/\/imet-cz.cz\/en\/shop\/security\/\"]}]},{\"@type\":\"BreadcrumbList\",\"@id\":\"https:\/\/imet-cz.cz\/en\/shop\/security\/#breadcrumb\",\"itemListElement\":[{\"@type\":\"ListItem\",\"position\":1,\"name\":\"Dom\u016f\",\"item\":\"https:\/\/imet-cz.cz\/en\/\"},{\"@type\":\"ListItem\",\"position\":2,\"name\":\"Sales portal\",\"item\":\"https:\/\/imet-cz.cz\/en\/shop\/\"},{\"@type\":\"ListItem\",\"position\":3,\"name\":\"Security\"}]}]}<\/script>\n<!-- \/ Yoast SEO plugin. -->","yoast_head_json":{"title":"Security | IMET-CZ","description":"eCommerce je p\u0159\u00edstupn\u00fd v\u00fdlu\u010dn\u011b prost\u0159ednictv\u00edm zabezpe\u010den\u00e9ho protokolu HTTPS, kter\u00fd \u0161ifruje komunikaci pou\u017eit\u00edm SSL\/TLS. Tento stupe\u0148 bezpe\u010dnosti pou\u017e\u00edv\u00e1 i ve\u0159ejn\u00e1 str\u00e1nka eCommerce.","robots":{"index":"index","follow":"follow","max-snippet":"max-snippet:-1","max-image-preview":"max-image-preview:large","max-video-preview":"max-video-preview:-1"},"canonical":"https:\/\/imet-cz.cz\/en\/shop\/security\/","og_locale":"en_US","og_type":"article","og_title":"Security | IMET-CZ","og_description":"eCommerce je p\u0159\u00edstupn\u00fd v\u00fdlu\u010dn\u011b prost\u0159ednictv\u00edm zabezpe\u010den\u00e9ho protokolu HTTPS, kter\u00fd \u0161ifruje komunikaci pou\u017eit\u00edm SSL\/TLS. Tento stupe\u0148 bezpe\u010dnosti pou\u017e\u00edv\u00e1 i ve\u0159ejn\u00e1 str\u00e1nka eCommerce.","og_url":"https:\/\/imet-cz.cz\/en\/shop\/security\/","og_site_name":"IMET-CZ","article_modified_time":"2022-01-18T10:58:39+00:00","twitter_card":"summary_large_image","twitter_misc":{"Est. reading time":"1 minute"},"schema":{"@context":"https:\/\/schema.org","@graph":[{"@type":"Organization","@id":"https:\/\/imet-cz.cz\/en\/#organization","name":"IMET-CZ spol. s.r.o.","url":"https:\/\/imet-cz.cz\/en\/","sameAs":[],"logo":{"@type":"ImageObject","@id":"https:\/\/imet-cz.cz\/en\/#logo","inLanguage":"en-US","url":"https:\/\/imet-cz.cz\/wp-content\/uploads\/2021\/07\/logo43535.png","contentUrl":"https:\/\/imet-cz.cz\/wp-content\/uploads\/2021\/07\/logo43535.png","width":1000,"height":242,"caption":"IMET-CZ spol. s.r.o."},"image":{"@id":"https:\/\/imet-cz.cz\/en\/#logo"}},{"@type":"WebSite","@id":"https:\/\/imet-cz.cz\/en\/#website","url":"https:\/\/imet-cz.cz\/en\/","name":"IMET-CZ","description":"D\u00e1v\u00e1me kovu nov\u00fd \u017eivot","publisher":{"@id":"https:\/\/imet-cz.cz\/en\/#organization"},"potentialAction":[{"@type":"SearchAction","target":{"@type":"EntryPoint","urlTemplate":"https:\/\/imet-cz.cz\/en\/?s={search_term_string}"},"query-input":"required name=search_term_string"}],"inLanguage":"en-US"},{"@type":"WebPage","@id":"https:\/\/imet-cz.cz\/en\/shop\/security\/#webpage","url":"https:\/\/imet-cz.cz\/en\/shop\/security\/","name":"Security | IMET-CZ","isPartOf":{"@id":"https:\/\/imet-cz.cz\/en\/#website"},"datePublished":"2021-07-26T21:40:13+00:00","dateModified":"2022-01-18T10:58:39+00:00","description":"eCommerce je p\u0159\u00edstupn\u00fd v\u00fdlu\u010dn\u011b prost\u0159ednictv\u00edm zabezpe\u010den\u00e9ho protokolu HTTPS, kter\u00fd \u0161ifruje komunikaci pou\u017eit\u00edm SSL\/TLS. Tento stupe\u0148 bezpe\u010dnosti pou\u017e\u00edv\u00e1 i ve\u0159ejn\u00e1 str\u00e1nka eCommerce.","breadcrumb":{"@id":"https:\/\/imet-cz.cz\/en\/shop\/security\/#breadcrumb"},"inLanguage":"en-US","potentialAction":[{"@type":"ReadAction","target":["https:\/\/imet-cz.cz\/en\/shop\/security\/"]}]},{"@type":"BreadcrumbList","@id":"https:\/\/imet-cz.cz\/en\/shop\/security\/#breadcrumb","itemListElement":[{"@type":"ListItem","position":1,"name":"Dom\u016f","item":"https:\/\/imet-cz.cz\/en\/"},{"@type":"ListItem","position":2,"name":"Sales portal","item":"https:\/\/imet-cz.cz\/en\/shop\/"},{"@type":"ListItem","position":3,"name":"Security"}]}]}},"_links":{"self":[{"href":"https:\/\/imet-cz.cz\/en\/wp-json\/wp\/v2\/pages\/8657","targetHints":{"allow":["GET"]}}],"collection":[{"href":"https:\/\/imet-cz.cz\/en\/wp-json\/wp\/v2\/pages"}],"about":[{"href":"https:\/\/imet-cz.cz\/en\/wp-json\/wp\/v2\/types\/page"}],"author":[{"embeddable":true,"href":"https:\/\/imet-cz.cz\/en\/wp-json\/wp\/v2\/users\/1"}],"replies":[{"embeddable":true,"href":"https:\/\/imet-cz.cz\/en\/wp-json\/wp\/v2\/comments?post=8657"}],"version-history":[{"count":10,"href":"https:\/\/imet-cz.cz\/en\/wp-json\/wp\/v2\/pages\/8657\/revisions"}],"predecessor-version":[{"id":39681,"href":"https:\/\/imet-cz.cz\/en\/wp-json\/wp\/v2\/pages\/8657\/revisions\/39681"}],"up":[{"embeddable":true,"href":"https:\/\/imet-cz.cz\/en\/wp-json\/wp\/v2\/pages\/8540"}],"wp:attachment":[{"href":"https:\/\/imet-cz.cz\/en\/wp-json\/wp\/v2\/media?parent=8657"}],"curies":[{"name":"wp","href":"https:\/\/api.w.org\/{rel}","templated":true}]}}