{"id":8668,"date":"2021-07-26T22:51:05","date_gmt":"2021-07-26T20:51:05","guid":{"rendered":"https:\/\/imet-cz.cz\/shop\/podpora-en\/"},"modified":"2021-08-22T19:13:28","modified_gmt":"2021-08-22T17:13:28","slug":"support","status":"publish","type":"page","link":"https:\/\/imet-cz.cz\/en\/shop\/support\/","title":{"rendered":"Support"},"content":{"rendered":"\t\t<div data-elementor-type=\"wp-page\" data-elementor-id=\"8668\" class=\"elementor elementor-8668 elementor-7540\" data-elementor-settings=\"[]\">\n\t\t\t\t\t\t\t<div class=\"elementor-section-wrap\">\n\t\t\t\t\t\t\t<section class=\"elementor-section elementor-top-section elementor-element elementor-element-5eb12a5 elementor-section-boxed elementor-section-height-default elementor-section-height-default\" data-id=\"5eb12a5\" data-element_type=\"section\" data-settings=\"{&quot;jet_parallax_layout_list&quot;:[{&quot;jet_parallax_layout_image&quot;:{&quot;url&quot;:&quot;&quot;,&quot;id&quot;:&quot;&quot;},&quot;_id&quot;:&quot;bfd9c29&quot;,&quot;jet_parallax_layout_image_tablet&quot;:{&quot;url&quot;:&quot;&quot;,&quot;id&quot;:&quot;&quot;},&quot;jet_parallax_layout_image_mobile&quot;:{&quot;url&quot;:&quot;&quot;,&quot;id&quot;:&quot;&quot;},&quot;jet_parallax_layout_speed&quot;:{&quot;unit&quot;:&quot;%&quot;,&quot;size&quot;:50,&quot;sizes&quot;:[]},&quot;jet_parallax_layout_type&quot;:&quot;scroll&quot;,&quot;jet_parallax_layout_direction&quot;:null,&quot;jet_parallax_layout_fx_direction&quot;:null,&quot;jet_parallax_layout_z_index&quot;:&quot;&quot;,&quot;jet_parallax_layout_bg_x&quot;:50,&quot;jet_parallax_layout_bg_x_tablet&quot;:&quot;&quot;,&quot;jet_parallax_layout_bg_x_mobile&quot;:&quot;&quot;,&quot;jet_parallax_layout_bg_y&quot;:50,&quot;jet_parallax_layout_bg_y_tablet&quot;:&quot;&quot;,&quot;jet_parallax_layout_bg_y_mobile&quot;:&quot;&quot;,&quot;jet_parallax_layout_bg_size&quot;:&quot;auto&quot;,&quot;jet_parallax_layout_bg_size_tablet&quot;:&quot;&quot;,&quot;jet_parallax_layout_bg_size_mobile&quot;:&quot;&quot;,&quot;jet_parallax_layout_animation_prop&quot;:&quot;transform&quot;,&quot;jet_parallax_layout_on&quot;:[&quot;desktop&quot;,&quot;tablet&quot;]}],&quot;background_background&quot;:&quot;classic&quot;}\">\n\t\t\t\t\t\t<div class=\"elementor-container elementor-column-gap-default\">\n\t\t\t\t\t<div class=\"elementor-column elementor-col-100 elementor-top-column elementor-element elementor-element-1dda623\" data-id=\"1dda623\" data-element_type=\"column\">\n\t\t\t<div class=\"elementor-widget-wrap elementor-element-populated\">\n\t\t\t\t\t\t\t\t<div class=\"elementor-element elementor-element-06ae048 elementor-widget elementor-widget-woocommerce-breadcrumb\" data-id=\"06ae048\" data-element_type=\"widget\" data-widget_type=\"woocommerce-breadcrumb.default\">\n\t\t\t\t<div class=\"elementor-widget-container\">\n\t\t\t<nav class=\"woocommerce-breadcrumb\">Home<\/nav>\t\t<\/div>\n\t\t\t\t<\/div>\n\t\t\t\t<div class=\"elementor-element elementor-element-20af1e7 elementor-widget elementor-widget-heading\" data-id=\"20af1e7\" data-element_type=\"widget\" data-widget_type=\"heading.default\">\n\t\t\t\t<div class=\"elementor-widget-container\">\n\t\t\t<h2 class=\"elementor-heading-title elementor-size-default\">Support<\/h2>\t\t<\/div>\n\t\t\t\t<\/div>\n\t\t\t\t\t<\/div>\n\t\t<\/div>\n\t\t\t\t\t\t\t<\/div>\n\t\t<\/section>\n\t\t\t\t<section class=\"elementor-section elementor-top-section elementor-element elementor-element-c5c4c4b elementor-section-boxed elementor-section-height-default elementor-section-height-default\" data-id=\"c5c4c4b\" data-element_type=\"section\" data-settings=\"{&quot;jet_parallax_layout_list&quot;:[{&quot;jet_parallax_layout_image&quot;:{&quot;url&quot;:&quot;&quot;,&quot;id&quot;:&quot;&quot;},&quot;_id&quot;:&quot;ae3b8c7&quot;,&quot;jet_parallax_layout_image_tablet&quot;:{&quot;url&quot;:&quot;&quot;,&quot;id&quot;:&quot;&quot;},&quot;jet_parallax_layout_image_mobile&quot;:{&quot;url&quot;:&quot;&quot;,&quot;id&quot;:&quot;&quot;},&quot;jet_parallax_layout_speed&quot;:{&quot;unit&quot;:&quot;%&quot;,&quot;size&quot;:50,&quot;sizes&quot;:[]},&quot;jet_parallax_layout_type&quot;:&quot;scroll&quot;,&quot;jet_parallax_layout_direction&quot;:null,&quot;jet_parallax_layout_fx_direction&quot;:null,&quot;jet_parallax_layout_z_index&quot;:&quot;&quot;,&quot;jet_parallax_layout_bg_x&quot;:50,&quot;jet_parallax_layout_bg_x_tablet&quot;:&quot;&quot;,&quot;jet_parallax_layout_bg_x_mobile&quot;:&quot;&quot;,&quot;jet_parallax_layout_bg_y&quot;:50,&quot;jet_parallax_layout_bg_y_tablet&quot;:&quot;&quot;,&quot;jet_parallax_layout_bg_y_mobile&quot;:&quot;&quot;,&quot;jet_parallax_layout_bg_size&quot;:&quot;auto&quot;,&quot;jet_parallax_layout_bg_size_tablet&quot;:&quot;&quot;,&quot;jet_parallax_layout_bg_size_mobile&quot;:&quot;&quot;,&quot;jet_parallax_layout_animation_prop&quot;:&quot;transform&quot;,&quot;jet_parallax_layout_on&quot;:[&quot;desktop&quot;,&quot;tablet&quot;]}],&quot;background_background&quot;:&quot;classic&quot;}\">\n\t\t\t\t\t\t<div class=\"elementor-container elementor-column-gap-default\">\n\t\t\t\t\t<div class=\"elementor-column elementor-col-100 elementor-top-column elementor-element elementor-element-3f69f08\" data-id=\"3f69f08\" data-element_type=\"column\" data-settings=\"{&quot;background_background&quot;:&quot;classic&quot;}\">\n\t\t\t<div class=\"elementor-widget-wrap elementor-element-populated\">\n\t\t\t\t\t\t\t\t<section class=\"elementor-section elementor-inner-section elementor-element elementor-element-8916fef elementor-section-boxed elementor-section-height-default elementor-section-height-default\" data-id=\"8916fef\" data-element_type=\"section\" data-settings=\"{&quot;jet_parallax_layout_list&quot;:[{&quot;jet_parallax_layout_image&quot;:{&quot;url&quot;:&quot;&quot;,&quot;id&quot;:&quot;&quot;},&quot;_id&quot;:&quot;d9efd3a&quot;,&quot;jet_parallax_layout_image_tablet&quot;:{&quot;url&quot;:&quot;&quot;,&quot;id&quot;:&quot;&quot;},&quot;jet_parallax_layout_image_mobile&quot;:{&quot;url&quot;:&quot;&quot;,&quot;id&quot;:&quot;&quot;},&quot;jet_parallax_layout_speed&quot;:{&quot;unit&quot;:&quot;%&quot;,&quot;size&quot;:50,&quot;sizes&quot;:[]},&quot;jet_parallax_layout_type&quot;:&quot;scroll&quot;,&quot;jet_parallax_layout_direction&quot;:null,&quot;jet_parallax_layout_fx_direction&quot;:null,&quot;jet_parallax_layout_z_index&quot;:&quot;&quot;,&quot;jet_parallax_layout_bg_x&quot;:50,&quot;jet_parallax_layout_bg_x_tablet&quot;:&quot;&quot;,&quot;jet_parallax_layout_bg_x_mobile&quot;:&quot;&quot;,&quot;jet_parallax_layout_bg_y&quot;:50,&quot;jet_parallax_layout_bg_y_tablet&quot;:&quot;&quot;,&quot;jet_parallax_layout_bg_y_mobile&quot;:&quot;&quot;,&quot;jet_parallax_layout_bg_size&quot;:&quot;auto&quot;,&quot;jet_parallax_layout_bg_size_tablet&quot;:&quot;&quot;,&quot;jet_parallax_layout_bg_size_mobile&quot;:&quot;&quot;,&quot;jet_parallax_layout_animation_prop&quot;:&quot;transform&quot;,&quot;jet_parallax_layout_on&quot;:[&quot;desktop&quot;,&quot;tablet&quot;]}]}\">\n\t\t\t\t\t\t<div class=\"elementor-container elementor-column-gap-default\">\n\t\t\t\t\t<div class=\"elementor-column elementor-col-50 elementor-inner-column elementor-element elementor-element-5f29058\" data-id=\"5f29058\" data-element_type=\"column\">\n\t\t\t<div class=\"elementor-widget-wrap elementor-element-populated\">\n\t\t\t\t\t\t\t\t<div class=\"elementor-element elementor-element-277c87e elementor-widget elementor-widget-heading\" data-id=\"277c87e\" data-element_type=\"widget\" data-widget_type=\"heading.default\">\n\t\t\t\t<div class=\"elementor-widget-container\">\n\t\t\t<h3 class=\"elementor-heading-title elementor-size-default\">Support<\/h3>\t\t<\/div>\n\t\t\t\t<\/div>\n\t\t\t\t<div class=\"elementor-element elementor-element-657d9ee elementor-icon-list--layout-traditional elementor-list-item-link-full_width elementor-widget elementor-widget-icon-list\" data-id=\"657d9ee\" data-element_type=\"widget\" data-widget_type=\"icon-list.default\">\n\t\t\t\t<div class=\"elementor-widget-container\">\n\t\t\t\t\t<ul class=\"elementor-icon-list-items\">\n\t\t\t\t\t\t\t<li class=\"elementor-icon-list-item\">\n\t\t\t\t\t\t\t\t\t\t\t<a href=\"mailto:vlach@imet-cz.cz\">\n\n\t\t\t\t\t\t\t\t\t\t\t\t<span class=\"elementor-icon-list-icon\">\n\t\t\t\t\t\t\t<svg xmlns=\"http:\/\/www.w3.org\/2000\/svg\" xmlns:xlink=\"http:\/\/www.w3.org\/1999\/xlink\" id=\"Capa_1\" x=\"0px\" y=\"0px\" viewBox=\"0 0 512 512\" style=\"enable-background:new 0 0 512 512;\" xml:space=\"preserve\">\n<g>\n\t<g>\n\t\t<path d=\"M256,15.83L0,200.32v295.85h512V200.32L256,15.83z M256,52.81l216.06,155.7l-0.7,0.51L256,364.22L40.64,209.02l-0.7-0.51    L256,52.81z M30,238.32l157.27,113.34L30,453.57V238.32z M65.72,466.17l147.66-95.69L256,401.19l42.62-30.71l147.66,95.69H65.72z     M482,453.57L324.73,351.66L482,238.32V453.57z\"><\/path>\n\t<\/g>\n<\/g>\n<g>\n<\/g>\n<g>\n<\/g>\n<g>\n<\/g>\n<g>\n<\/g>\n<g>\n<\/g>\n<g>\n<\/g>\n<g>\n<\/g>\n<g>\n<\/g>\n<g>\n<\/g>\n<g>\n<\/g>\n<g>\n<\/g>\n<g>\n<\/g>\n<g>\n<\/g>\n<g>\n<\/g>\n<g>\n<\/g>\n<\/svg>\t\t\t\t\t\t<\/span>\n\t\t\t\t\t\t\t\t\t\t<span class=\"elementor-icon-list-text\">vlach@imet-cz.cz<\/span>\n\t\t\t\t\t\t\t\t\t\t\t<\/a>\n\t\t\t\t\t\t\t\t\t<\/li>\n\t\t\t\t\t\t\t\t<li class=\"elementor-icon-list-item\">\n\t\t\t\t\t\t\t\t\t\t\t<a href=\"tel:+420558628133\">\n\n\t\t\t\t\t\t\t\t\t\t\t\t<span class=\"elementor-icon-list-icon\">\n\t\t\t\t\t\t\t<svg xmlns=\"http:\/\/www.w3.org\/2000\/svg\" xmlns:xlink=\"http:\/\/www.w3.org\/1999\/xlink\" id=\"Capa_1\" x=\"0px\" y=\"0px\" viewBox=\"0 0 512.003 512.003\" style=\"enable-background:new 0 0 512.003 512.003;\" xml:space=\"preserve\">\n<g>\n\t<g>\n\t\t<path d=\"M140.332,140.332c-19.442,19.44-27.296,47.068-21.007,73.905l29.219-6.846c-3.903-16.654,0.96-33.789,13.008-45.838    c12.047-12.047,29.182-16.909,45.836-13.006l6.846-29.219C187.4,113.038,159.773,120.891,140.332,140.332z\"><\/path>\n\t<\/g>\n<\/g>\n<g>\n\t<g>\n\t\t<path d=\"M98.427,98.426c-34.482,34.481-48.409,83.49-37.253,131.098l29.219-6.846c-8.769-37.426,2.166-75.944,29.255-103.031    c27.086-27.086,65.601-38.022,103.028-29.252l6.846-29.219C181.914,50.02,132.907,63.946,98.427,98.426z\"><\/path>\n\t<\/g>\n<\/g>\n<g>\n\t<g>\n\t\t<path d=\"M142.371,6.902c-32.25,8.837-61.86,26.071-85.627,49.839C32.974,80.51,15.74,110.118,6.903,142.369    c-8.559,31.227-9.17,64.427-1.77,96.01l29.219-6.846C21.279,175.75,37.585,118.34,77.963,77.961    c40.376-40.376,97.785-56.678,153.569-43.607l6.846-29.219C206.796-2.265,173.597-1.655,142.371,6.902z\"><\/path>\n\t<\/g>\n<\/g>\n<g>\n\t<g>\n\t\t<path d=\"M488.723,73.189L420.471,4.938L284.488,140.922l66.262,66.263c-17.989,26.975-39.612,53.146-64.401,77.935    c-25.27,25.27-51.938,47.227-79.408,65.389l-66.02-66.02L4.937,420.473l69.831,69.831l0.427,0.411    c28.577,26.406,76.81,28.306,135.816,5.353c55.328-21.524,115.255-62.833,168.739-116.317    c54.123-54.123,95.671-114.673,116.99-170.498c10.191-26.685,15.262-51.087,15.262-72.419    C512.003,110.399,504.213,88.678,488.723,73.189z M326.927,140.922l93.544-93.544l29.012,29.013l-93.544,93.544L326.927,140.922z     M47.376,420.473l93.544-93.543l29.013,29.012L76.39,449.484L47.376,420.473z M468.703,198.546    c-19.845,51.964-58.973,108.781-110.175,159.983c-50.608,50.607-106.861,89.52-158.4,109.568    c-45.33,17.635-82.367,18.467-102.372,2.458l93.395-93.395l11.544,11.544l10.117-6.306c32.936-20.53,64.816-46.119,94.754-76.059    c29.43-29.43,54.689-60.785,75.075-93.195l6.374-10.133l-11.858-11.858l93.356-93.356    C486.326,117.586,485.759,153.887,468.703,198.546z\"><\/path>\n\t<\/g>\n<\/g>\n<g>\n<\/g>\n<g>\n<\/g>\n<g>\n<\/g>\n<g>\n<\/g>\n<g>\n<\/g>\n<g>\n<\/g>\n<g>\n<\/g>\n<g>\n<\/g>\n<g>\n<\/g>\n<g>\n<\/g>\n<g>\n<\/g>\n<g>\n<\/g>\n<g>\n<\/g>\n<g>\n<\/g>\n<g>\n<\/g>\n<\/svg>\t\t\t\t\t\t<\/span>\n\t\t\t\t\t\t\t\t\t\t<span class=\"elementor-icon-list-text\">+420 558 628 133<\/span>\n\t\t\t\t\t\t\t\t\t\t\t<\/a>\n\t\t\t\t\t\t\t\t\t<\/li>\n\t\t\t\t\t\t<\/ul>\n\t\t\t\t<\/div>\n\t\t\t\t<\/div>\n\t\t\t\t<div class=\"elementor-element elementor-element-040a261 elementor-widget elementor-widget-text-editor\" data-id=\"040a261\" data-element_type=\"widget\" data-widget_type=\"text-editor.default\">\n\t\t\t\t<div class=\"elementor-widget-container\">\n\t\t\t\t\t\t\t<p>we are available to You on workdays <br \/>from 7:00 to 15:30.<\/p>\n\t\t\t\t\t\t<\/div>\n\t\t\t\t<\/div>\n\t\t\t\t\t<\/div>\n\t\t<\/div>\n\t\t\t\t<div class=\"elementor-column elementor-col-50 elementor-inner-column elementor-element elementor-element-a682228\" data-id=\"a682228\" data-element_type=\"column\">\n\t\t\t<div class=\"elementor-widget-wrap elementor-element-populated\">\n\t\t\t\t\t\t\t\t<div class=\"elementor-element elementor-element-53cd21e elementor-widget elementor-widget-heading\" data-id=\"53cd21e\" data-element_type=\"widget\" data-widget_type=\"heading.default\">\n\t\t\t\t<div class=\"elementor-widget-container\">\n\t\t\t<h3 class=\"elementor-heading-title elementor-size-default\">Contacts<\/h3>\t\t<\/div>\n\t\t\t\t<\/div>\n\t\t\t\t<div class=\"elementor-element elementor-element-c88c4be elementor-widget elementor-widget-text-editor\" data-id=\"c88c4be\" data-element_type=\"widget\" data-widget_type=\"text-editor.default\">\n\t\t\t\t<div class=\"elementor-widget-container\">\n\t\t\t\t\t\t\t<p>IMET-CZ, spol. s r.o.<\/p>\n<p>Palkovick\u00e1 529<br \/>738 01 Fr\u00fddek-M\u00edstek<br \/>Czech Republic<\/p>\n\t\t\t\t\t\t<\/div>\n\t\t\t\t<\/div>\n\t\t\t\t<div class=\"elementor-element elementor-element-c25b1ea elementor-icon-list--layout-traditional elementor-list-item-link-full_width elementor-widget elementor-widget-icon-list\" data-id=\"c25b1ea\" data-element_type=\"widget\" data-widget_type=\"icon-list.default\">\n\t\t\t\t<div class=\"elementor-widget-container\">\n\t\t\t\t\t<ul class=\"elementor-icon-list-items\">\n\t\t\t\t\t\t\t<li class=\"elementor-icon-list-item\">\n\t\t\t\t\t\t\t\t\t\t\t<a href=\"mailto:vlach@imet-cz.cz\">\n\n\t\t\t\t\t\t\t\t\t\t\t\t<span class=\"elementor-icon-list-icon\">\n\t\t\t\t\t\t\t<svg xmlns=\"http:\/\/www.w3.org\/2000\/svg\" xmlns:xlink=\"http:\/\/www.w3.org\/1999\/xlink\" id=\"Capa_1\" x=\"0px\" y=\"0px\" viewBox=\"0 0 512 512\" style=\"enable-background:new 0 0 512 512;\" xml:space=\"preserve\">\n<g>\n\t<g>\n\t\t<path d=\"M256,15.83L0,200.32v295.85h512V200.32L256,15.83z M256,52.81l216.06,155.7l-0.7,0.51L256,364.22L40.64,209.02l-0.7-0.51    L256,52.81z M30,238.32l157.27,113.34L30,453.57V238.32z M65.72,466.17l147.66-95.69L256,401.19l42.62-30.71l147.66,95.69H65.72z     M482,453.57L324.73,351.66L482,238.32V453.57z\"><\/path>\n\t<\/g>\n<\/g>\n<g>\n<\/g>\n<g>\n<\/g>\n<g>\n<\/g>\n<g>\n<\/g>\n<g>\n<\/g>\n<g>\n<\/g>\n<g>\n<\/g>\n<g>\n<\/g>\n<g>\n<\/g>\n<g>\n<\/g>\n<g>\n<\/g>\n<g>\n<\/g>\n<g>\n<\/g>\n<g>\n<\/g>\n<g>\n<\/g>\n<\/svg>\t\t\t\t\t\t<\/span>\n\t\t\t\t\t\t\t\t\t\t<span class=\"elementor-icon-list-text\">vlach@imet-cz.cz<\/span>\n\t\t\t\t\t\t\t\t\t\t\t<\/a>\n\t\t\t\t\t\t\t\t\t<\/li>\n\t\t\t\t\t\t\t\t<li class=\"elementor-icon-list-item\">\n\t\t\t\t\t\t\t\t\t\t\t<a href=\"tel:+420558628133\">\n\n\t\t\t\t\t\t\t\t\t\t\t\t<span class=\"elementor-icon-list-icon\">\n\t\t\t\t\t\t\t<svg xmlns=\"http:\/\/www.w3.org\/2000\/svg\" xmlns:xlink=\"http:\/\/www.w3.org\/1999\/xlink\" id=\"Capa_1\" x=\"0px\" y=\"0px\" viewBox=\"0 0 512.003 512.003\" style=\"enable-background:new 0 0 512.003 512.003;\" xml:space=\"preserve\">\n<g>\n\t<g>\n\t\t<path d=\"M140.332,140.332c-19.442,19.44-27.296,47.068-21.007,73.905l29.219-6.846c-3.903-16.654,0.96-33.789,13.008-45.838    c12.047-12.047,29.182-16.909,45.836-13.006l6.846-29.219C187.4,113.038,159.773,120.891,140.332,140.332z\"><\/path>\n\t<\/g>\n<\/g>\n<g>\n\t<g>\n\t\t<path d=\"M98.427,98.426c-34.482,34.481-48.409,83.49-37.253,131.098l29.219-6.846c-8.769-37.426,2.166-75.944,29.255-103.031    c27.086-27.086,65.601-38.022,103.028-29.252l6.846-29.219C181.914,50.02,132.907,63.946,98.427,98.426z\"><\/path>\n\t<\/g>\n<\/g>\n<g>\n\t<g>\n\t\t<path d=\"M142.371,6.902c-32.25,8.837-61.86,26.071-85.627,49.839C32.974,80.51,15.74,110.118,6.903,142.369    c-8.559,31.227-9.17,64.427-1.77,96.01l29.219-6.846C21.279,175.75,37.585,118.34,77.963,77.961    c40.376-40.376,97.785-56.678,153.569-43.607l6.846-29.219C206.796-2.265,173.597-1.655,142.371,6.902z\"><\/path>\n\t<\/g>\n<\/g>\n<g>\n\t<g>\n\t\t<path d=\"M488.723,73.189L420.471,4.938L284.488,140.922l66.262,66.263c-17.989,26.975-39.612,53.146-64.401,77.935    c-25.27,25.27-51.938,47.227-79.408,65.389l-66.02-66.02L4.937,420.473l69.831,69.831l0.427,0.411    c28.577,26.406,76.81,28.306,135.816,5.353c55.328-21.524,115.255-62.833,168.739-116.317    c54.123-54.123,95.671-114.673,116.99-170.498c10.191-26.685,15.262-51.087,15.262-72.419    C512.003,110.399,504.213,88.678,488.723,73.189z M326.927,140.922l93.544-93.544l29.012,29.013l-93.544,93.544L326.927,140.922z     M47.376,420.473l93.544-93.543l29.013,29.012L76.39,449.484L47.376,420.473z M468.703,198.546    c-19.845,51.964-58.973,108.781-110.175,159.983c-50.608,50.607-106.861,89.52-158.4,109.568    c-45.33,17.635-82.367,18.467-102.372,2.458l93.395-93.395l11.544,11.544l10.117-6.306c32.936-20.53,64.816-46.119,94.754-76.059    c29.43-29.43,54.689-60.785,75.075-93.195l6.374-10.133l-11.858-11.858l93.356-93.356    C486.326,117.586,485.759,153.887,468.703,198.546z\"><\/path>\n\t<\/g>\n<\/g>\n<g>\n<\/g>\n<g>\n<\/g>\n<g>\n<\/g>\n<g>\n<\/g>\n<g>\n<\/g>\n<g>\n<\/g>\n<g>\n<\/g>\n<g>\n<\/g>\n<g>\n<\/g>\n<g>\n<\/g>\n<g>\n<\/g>\n<g>\n<\/g>\n<g>\n<\/g>\n<g>\n<\/g>\n<g>\n<\/g>\n<\/svg>\t\t\t\t\t\t<\/span>\n\t\t\t\t\t\t\t\t\t\t<span class=\"elementor-icon-list-text\">+420 558 628 133<\/span>\n\t\t\t\t\t\t\t\t\t\t\t<\/a>\n\t\t\t\t\t\t\t\t\t<\/li>\n\t\t\t\t\t\t<\/ul>\n\t\t\t\t<\/div>\n\t\t\t\t<\/div>\n\t\t\t\t\t<\/div>\n\t\t<\/div>\n\t\t\t\t\t\t\t<\/div>\n\t\t<\/section>\n\t\t\t\t\t<\/div>\n\t\t<\/div>\n\t\t\t\t\t\t\t<\/div>\n\t\t<\/section>\n\t\t\t\t\t\t<\/div>\n\t\t\t\t\t<\/div>\n\t\t","protected":false},"excerpt":{"rendered":"<p>Support Support vlach@imet-cz.cz +420 558 628 133 we are available to You on workdays from 7:00 to 15:30. Contacts IMET-CZ, spol. s r.o. Palkovick\u00e1 529 738 01 Fr\u00fddek-M\u00edstek Czech Republic vlach@imet-cz.cz +420 558 628 133<\/p>\n","protected":false},"author":1,"featured_media":0,"parent":8540,"menu_order":0,"comment_status":"closed","ping_status":"closed","template":"elementor_header_footer","meta":{"footnotes":""},"class_list":["post-8668","page","type-page","status-publish","hentry"],"yoast_head":"<!-- This site is optimized with the Yoast SEO plugin v18.2 - https:\/\/yoast.com\/wordpress\/plugins\/seo\/ -->\n<title>Support | IMET-CZ<\/title>\n<meta name=\"description\" content=\"Jsme V\u00e1m k dispozici b\u011bhem pracovn\u00edch dn\u016f v dob\u011b od 7:00 do 15:30.\" \/>\n<meta name=\"robots\" content=\"index, follow, max-snippet:-1, max-image-preview:large, max-video-preview:-1\" \/>\n<link rel=\"canonical\" href=\"https:\/\/imet-cz.cz\/en\/shop\/support\/\" \/>\n<meta property=\"og:locale\" content=\"en_US\" \/>\n<meta property=\"og:type\" content=\"article\" \/>\n<meta property=\"og:title\" content=\"Support | IMET-CZ\" \/>\n<meta property=\"og:description\" content=\"Jsme V\u00e1m k dispozici b\u011bhem pracovn\u00edch dn\u016f v dob\u011b od 7:00 do 15:30.\" \/>\n<meta property=\"og:url\" content=\"https:\/\/imet-cz.cz\/en\/shop\/support\/\" \/>\n<meta property=\"og:site_name\" content=\"IMET-CZ\" \/>\n<meta property=\"article:modified_time\" content=\"2021-08-22T17:13:28+00:00\" \/>\n<meta name=\"twitter:card\" content=\"summary_large_image\" \/>\n<meta name=\"twitter:label1\" content=\"Est. reading time\" \/>\n\t<meta name=\"twitter:data1\" content=\"1 minute\" \/>\n<script type=\"application\/ld+json\" class=\"yoast-schema-graph\">{\"@context\":\"https:\/\/schema.org\",\"@graph\":[{\"@type\":\"Organization\",\"@id\":\"https:\/\/imet-cz.cz\/en\/#organization\",\"name\":\"IMET-CZ spol. s.r.o.\",\"url\":\"https:\/\/imet-cz.cz\/en\/\",\"sameAs\":[],\"logo\":{\"@type\":\"ImageObject\",\"@id\":\"https:\/\/imet-cz.cz\/en\/#logo\",\"inLanguage\":\"en-US\",\"url\":\"https:\/\/imet-cz.cz\/wp-content\/uploads\/2021\/07\/logo43535.png\",\"contentUrl\":\"https:\/\/imet-cz.cz\/wp-content\/uploads\/2021\/07\/logo43535.png\",\"width\":1000,\"height\":242,\"caption\":\"IMET-CZ spol. s.r.o.\"},\"image\":{\"@id\":\"https:\/\/imet-cz.cz\/en\/#logo\"}},{\"@type\":\"WebSite\",\"@id\":\"https:\/\/imet-cz.cz\/en\/#website\",\"url\":\"https:\/\/imet-cz.cz\/en\/\",\"name\":\"IMET-CZ\",\"description\":\"D\u00e1v\u00e1me kovu nov\u00fd \u017eivot\",\"publisher\":{\"@id\":\"https:\/\/imet-cz.cz\/en\/#organization\"},\"potentialAction\":[{\"@type\":\"SearchAction\",\"target\":{\"@type\":\"EntryPoint\",\"urlTemplate\":\"https:\/\/imet-cz.cz\/en\/?s={search_term_string}\"},\"query-input\":\"required name=search_term_string\"}],\"inLanguage\":\"en-US\"},{\"@type\":\"WebPage\",\"@id\":\"https:\/\/imet-cz.cz\/en\/shop\/support\/#webpage\",\"url\":\"https:\/\/imet-cz.cz\/en\/shop\/support\/\",\"name\":\"Support | IMET-CZ\",\"isPartOf\":{\"@id\":\"https:\/\/imet-cz.cz\/en\/#website\"},\"datePublished\":\"2021-07-26T20:51:05+00:00\",\"dateModified\":\"2021-08-22T17:13:28+00:00\",\"description\":\"Jsme V\u00e1m k dispozici b\u011bhem pracovn\u00edch dn\u016f v dob\u011b od 7:00 do 15:30.\",\"breadcrumb\":{\"@id\":\"https:\/\/imet-cz.cz\/en\/shop\/support\/#breadcrumb\"},\"inLanguage\":\"en-US\",\"potentialAction\":[{\"@type\":\"ReadAction\",\"target\":[\"https:\/\/imet-cz.cz\/en\/shop\/support\/\"]}]},{\"@type\":\"BreadcrumbList\",\"@id\":\"https:\/\/imet-cz.cz\/en\/shop\/support\/#breadcrumb\",\"itemListElement\":[{\"@type\":\"ListItem\",\"position\":1,\"name\":\"Dom\u016f\",\"item\":\"https:\/\/imet-cz.cz\/en\/\"},{\"@type\":\"ListItem\",\"position\":2,\"name\":\"Sales portal\",\"item\":\"https:\/\/imet-cz.cz\/en\/shop\/\"},{\"@type\":\"ListItem\",\"position\":3,\"name\":\"Support\"}]}]}<\/script>\n<!-- \/ Yoast SEO plugin. -->","yoast_head_json":{"title":"Support | IMET-CZ","description":"Jsme V\u00e1m k dispozici b\u011bhem pracovn\u00edch dn\u016f v dob\u011b od 7:00 do 15:30.","robots":{"index":"index","follow":"follow","max-snippet":"max-snippet:-1","max-image-preview":"max-image-preview:large","max-video-preview":"max-video-preview:-1"},"canonical":"https:\/\/imet-cz.cz\/en\/shop\/support\/","og_locale":"en_US","og_type":"article","og_title":"Support | IMET-CZ","og_description":"Jsme V\u00e1m k dispozici b\u011bhem pracovn\u00edch dn\u016f v dob\u011b od 7:00 do 15:30.","og_url":"https:\/\/imet-cz.cz\/en\/shop\/support\/","og_site_name":"IMET-CZ","article_modified_time":"2021-08-22T17:13:28+00:00","twitter_card":"summary_large_image","twitter_misc":{"Est. reading time":"1 minute"},"schema":{"@context":"https:\/\/schema.org","@graph":[{"@type":"Organization","@id":"https:\/\/imet-cz.cz\/en\/#organization","name":"IMET-CZ spol. s.r.o.","url":"https:\/\/imet-cz.cz\/en\/","sameAs":[],"logo":{"@type":"ImageObject","@id":"https:\/\/imet-cz.cz\/en\/#logo","inLanguage":"en-US","url":"https:\/\/imet-cz.cz\/wp-content\/uploads\/2021\/07\/logo43535.png","contentUrl":"https:\/\/imet-cz.cz\/wp-content\/uploads\/2021\/07\/logo43535.png","width":1000,"height":242,"caption":"IMET-CZ spol. s.r.o."},"image":{"@id":"https:\/\/imet-cz.cz\/en\/#logo"}},{"@type":"WebSite","@id":"https:\/\/imet-cz.cz\/en\/#website","url":"https:\/\/imet-cz.cz\/en\/","name":"IMET-CZ","description":"D\u00e1v\u00e1me kovu nov\u00fd \u017eivot","publisher":{"@id":"https:\/\/imet-cz.cz\/en\/#organization"},"potentialAction":[{"@type":"SearchAction","target":{"@type":"EntryPoint","urlTemplate":"https:\/\/imet-cz.cz\/en\/?s={search_term_string}"},"query-input":"required name=search_term_string"}],"inLanguage":"en-US"},{"@type":"WebPage","@id":"https:\/\/imet-cz.cz\/en\/shop\/support\/#webpage","url":"https:\/\/imet-cz.cz\/en\/shop\/support\/","name":"Support | IMET-CZ","isPartOf":{"@id":"https:\/\/imet-cz.cz\/en\/#website"},"datePublished":"2021-07-26T20:51:05+00:00","dateModified":"2021-08-22T17:13:28+00:00","description":"Jsme V\u00e1m k dispozici b\u011bhem pracovn\u00edch dn\u016f v dob\u011b od 7:00 do 15:30.","breadcrumb":{"@id":"https:\/\/imet-cz.cz\/en\/shop\/support\/#breadcrumb"},"inLanguage":"en-US","potentialAction":[{"@type":"ReadAction","target":["https:\/\/imet-cz.cz\/en\/shop\/support\/"]}]},{"@type":"BreadcrumbList","@id":"https:\/\/imet-cz.cz\/en\/shop\/support\/#breadcrumb","itemListElement":[{"@type":"ListItem","position":1,"name":"Dom\u016f","item":"https:\/\/imet-cz.cz\/en\/"},{"@type":"ListItem","position":2,"name":"Sales portal","item":"https:\/\/imet-cz.cz\/en\/shop\/"},{"@type":"ListItem","position":3,"name":"Support"}]}]}},"_links":{"self":[{"href":"https:\/\/imet-cz.cz\/en\/wp-json\/wp\/v2\/pages\/8668","targetHints":{"allow":["GET"]}}],"collection":[{"href":"https:\/\/imet-cz.cz\/en\/wp-json\/wp\/v2\/pages"}],"about":[{"href":"https:\/\/imet-cz.cz\/en\/wp-json\/wp\/v2\/types\/page"}],"author":[{"embeddable":true,"href":"https:\/\/imet-cz.cz\/en\/wp-json\/wp\/v2\/users\/1"}],"replies":[{"embeddable":true,"href":"https:\/\/imet-cz.cz\/en\/wp-json\/wp\/v2\/comments?post=8668"}],"version-history":[{"count":10,"href":"https:\/\/imet-cz.cz\/en\/wp-json\/wp\/v2\/pages\/8668\/revisions"}],"predecessor-version":[{"id":15666,"href":"https:\/\/imet-cz.cz\/en\/wp-json\/wp\/v2\/pages\/8668\/revisions\/15666"}],"up":[{"embeddable":true,"href":"https:\/\/imet-cz.cz\/en\/wp-json\/wp\/v2\/pages\/8540"}],"wp:attachment":[{"href":"https:\/\/imet-cz.cz\/en\/wp-json\/wp\/v2\/media?parent=8668"}],"curies":[{"name":"wp","href":"https:\/\/api.w.org\/{rel}","templated":true}]}}